{"id":22378,"date":"2025-06-20T20:34:47","date_gmt":"2025-06-21T00:34:47","guid":{"rendered":"https:\/\/www.multicasa.com.br\/inicio\/?post_type=product&#038;p=22378"},"modified":"2026-04-29T13:20:09","modified_gmt":"2026-04-29T17:20:09","slug":"registro-gaveta-11-2-1510-deca","status":"publish","type":"product","link":"https:\/\/www.multicasa.com.br\/inicio\/produto\/registro-gaveta-11-2-1510-deca\/","title":{"rendered":"Registro Gaveta 11\/2 1510 Deca"},"content":{"rendered":"<p>REGISTRO GAVETA 11\/2 1510 DECA. Os b\u00e1sicos Deca s\u00e3o a melhor escolha para sua obra. Com qualidade reconhecida, os registros de gaveta tem passagem plena. Pode ser instalado em v\u00e1rios ambientes como: banheiro, cozinha, \u00e1rea de servi\u00e7o e sa\u00eddas de caixas da \u00e1gua.<\/p>\n","protected":false},"excerpt":{"rendered":"<h4 style=\"margin: 0px; padding: 0px 0px 16px; font-family: Lato, sans-serif; font-weight: bold; line-height: 3rem; color: var(--dark-grey3); font-size: 22px; font-style: normal; letter-spacing: normal; text-align: start; text-indent: 0px; text-transform: none;\">Informa\u00e7\u00f5es t\u00e9cnicas<\/h4>\n<p><span style=\"margin: 0px; padding: 0px; font-weight: 450; font-size: 14px; line-height: 21px; color: var(--dark-grey2); font-family: Lato, sans-serif; font-style: normal; letter-spacing: normal; text-align: start; text-indent: 0px; text-transform: none;\">Produto: REGISTRO GAVETA 11\/2 1510<br \/>\nMarca: Deca<br \/>\nMaterial: Liga de Cobre (bronze e lat\u00e3o),Pl\u00e1sticos de Engenharia,Elast\u00f4meros<br \/>\nCor: Bruto<br \/>\nCaracter\u00edsticas: registro auxiliar que \u00e9 utilizado para interromper todo fluxo da \u00e1gua quando realizamos uma manuten\u00e7\u00e3o, ou seja, ele funciona ou aberto ou fechado.<br \/>\nDimens\u00f5es:<br \/>\nAltura: 144mm<br \/>\nComprimento: 69mm<br \/>\nLargura: 62mm<br \/>\nPeso L\u00edquido: 0.69<br \/>\nPeso Bruto: 0.705<br \/>\nTipo de Normatiza\u00e7\u00e3o: Volunt\u00e1ria<br \/>\nN\u00famero Norma \/ Decreto: NBR15705<br \/>\nBitola de entrada de \u00e1gua: 1 1\/2&#8243;<br \/>\nPress\u00e3o m\u00edn funcionamento mca: 2<br \/>\nPress\u00e3o max funcionamento mca: 140<br \/>\n<\/span><\/p>\n","protected":false},"featured_media":0,"template":"","meta":{"_joinchat":[]},"product_brand":[],"product_cat":[66],"product_tag":[],"class_list":{"0":"post-22378","1":"product","2":"type-product","3":"status-publish","5":"product_cat-metais-basicos","7":"first","8":"outofstock","9":"shipping-taxable","10":"purchasable","11":"product-type-simple"},"_links":{"self":[{"href":"https:\/\/www.multicasa.com.br\/inicio\/wp-json\/wp\/v2\/product\/22378","targetHints":{"allow":["GET"]}}],"collection":[{"href":"https:\/\/www.multicasa.com.br\/inicio\/wp-json\/wp\/v2\/product"}],"about":[{"href":"https:\/\/www.multicasa.com.br\/inicio\/wp-json\/wp\/v2\/types\/product"}],"wp:attachment":[{"href":"https:\/\/www.multicasa.com.br\/inicio\/wp-json\/wp\/v2\/media?parent=22378"}],"wp:term":[{"taxonomy":"product_brand","embeddable":true,"href":"https:\/\/www.multicasa.com.br\/inicio\/wp-json\/wp\/v2\/product_brand?post=22378"},{"taxonomy":"product_cat","embeddable":true,"href":"https:\/\/www.multicasa.com.br\/inicio\/wp-json\/wp\/v2\/product_cat?post=22378"},{"taxonomy":"product_tag","embeddable":true,"href":"https:\/\/www.multicasa.com.br\/inicio\/wp-json\/wp\/v2\/product_tag?post=22378"}],"curies":[{"name":"wp","href":"https:\/\/api.w.org\/{rel}","templated":true}]}}