{"id":22379,"date":"2025-06-20T20:34:47","date_gmt":"2025-06-21T00:34:47","guid":{"rendered":"https:\/\/www.multicasa.com.br\/inicio\/?post_type=product&#038;p=22379"},"modified":"2025-08-18T00:24:39","modified_gmt":"2025-08-18T04:24:39","slug":"reservatorio-solar-horizontal-400l-rinnai","status":"publish","type":"product","link":"https:\/\/www.multicasa.com.br\/inicio\/produto\/reservatorio-solar-horizontal-400l-rinnai\/","title":{"rendered":"Reservatorio Solar Horizontal 400L Rinnai"},"content":{"rendered":"<p>RESERVATORIO SOLAR HOR.400L RINNAI. \u00c9 utilizado como uma caixa d\u00e1gua especial que cuida de manter quente a \u00e1gua armazenada no aquecedor solar . Esses cilindros s\u00e3o feitos de cobre, inox, ou polipropileno e depois recebem um isolante t\u00e9rmico. <\/p>\n","protected":false},"excerpt":{"rendered":"<h4 style=\"margin: 0px;padding: 0px 0px 16px;font-family: Lato, sans-serif;font-weight: bold;line-height: 3rem;color: var(--dark-grey3);font-size: 22px;font-style: normal;letter-spacing: normal;text-align: start;text-indent: 0px;text-transform: none\">Informa\u00e7\u00f5es t\u00e9cnicas<\/h4>\n<p><span style=\"margin: 0px;padding: 0px;font-weight: 450;font-size: 14px;line-height: 21px;color: var(--dark-grey2);font-family: Lato, sans-serif;font-style: normal;letter-spacing: normal;text-align: start;text-indent: 0px;text-transform: none\">Produto: RESERVATORIO SOLAR HOR.400L<br \/>\nMarca: RINNAI<br \/>\nMaterial: Corpo e calota em a\u00e7o inox 444<br \/>\nCor: CROMADA<br \/>\nCaracter\u00edsticas: 3 Anos de Garantia *<br \/>\nFabricado no Brasil<br \/>\nCorpo e calota em a\u00e7o inox 444<br \/>\nCapa externa em alum\u00ednio<br \/>\nRevestimento t\u00e9rmico bipartido<br \/>\nBaixa Press\u00e3o (5mca)<br \/>\nDimens\u00f5es:<br \/>\nComprimento(mm): 1560<br \/>\nDi\u00e2metro(mm): 725<br \/>\nResist\u00eancia el\u00e9trica(W): 3500<br \/>\nBitola Resist\u00eancia: 1.1\/4&#8243;<br \/>\nColetor (sa\u00edda e retorno): 1&#8243;<br \/>\nReservat\u00f3rio (entrada e consumo): 1&#8243;<\/span><\/p>\n","protected":false},"featured_media":27478,"template":"","meta":{"_joinchat":[]},"product_brand":[],"product_cat":[165],"product_tag":[],"class_list":{"0":"post-22379","1":"product","2":"type-product","3":"status-publish","4":"has-post-thumbnail","6":"product_cat-aquecedores-de-ambiente","8":"first","9":"outofstock","10":"shipping-taxable","11":"purchasable","12":"product-type-simple"},"_links":{"self":[{"href":"https:\/\/www.multicasa.com.br\/inicio\/wp-json\/wp\/v2\/product\/22379","targetHints":{"allow":["GET"]}}],"collection":[{"href":"https:\/\/www.multicasa.com.br\/inicio\/wp-json\/wp\/v2\/product"}],"about":[{"href":"https:\/\/www.multicasa.com.br\/inicio\/wp-json\/wp\/v2\/types\/product"}],"wp:featuredmedia":[{"embeddable":true,"href":"https:\/\/www.multicasa.com.br\/inicio\/wp-json\/wp\/v2\/media\/27478"}],"wp:attachment":[{"href":"https:\/\/www.multicasa.com.br\/inicio\/wp-json\/wp\/v2\/media?parent=22379"}],"wp:term":[{"taxonomy":"product_brand","embeddable":true,"href":"https:\/\/www.multicasa.com.br\/inicio\/wp-json\/wp\/v2\/product_brand?post=22379"},{"taxonomy":"product_cat","embeddable":true,"href":"https:\/\/www.multicasa.com.br\/inicio\/wp-json\/wp\/v2\/product_cat?post=22379"},{"taxonomy":"product_tag","embeddable":true,"href":"https:\/\/www.multicasa.com.br\/inicio\/wp-json\/wp\/v2\/product_tag?post=22379"}],"curies":[{"name":"wp","href":"https:\/\/api.w.org\/{rel}","templated":true}]}}