{"id":22380,"date":"2025-06-20T20:34:47","date_gmt":"2025-06-21T00:34:47","guid":{"rendered":"https:\/\/www.multicasa.com.br\/inicio\/?post_type=product&#038;p=22380"},"modified":"2025-11-28T16:14:31","modified_gmt":"2025-11-28T20:14:31","slug":"luminaria-de-emergencia-30-leds-taschibra-2w-bivolt","status":"publish","type":"product","link":"https:\/\/www.multicasa.com.br\/inicio\/produto\/luminaria-de-emergencia-30-leds-taschibra-2w-bivolt\/","title":{"rendered":"Lumin\u00e1ria de Emerg\u00eancia 30 Leds Taschibra 2W Bivolt"},"content":{"rendered":"<p>A Lumin\u00e1ria de Emerg\u00eancia 30 Leds Taschibra modelo TLE 06 \u00e9 perfeita para ser utilizada em momentos de queda de energia el\u00e9trica, com acendimento autom\u00e1tico. \u00c9 bivolt e possui duas intensidades de luz que permitem autonomia de 3 ou 6 horas. Produzida em pl\u00e1stico na cor branca com difusor de poliestireno transparente, \u00e9 equipada com bateria de l\u00edtio e possui 30 LEDs SMD, podendo tamb\u00e9m ser usada como lanterna.<\/p>\n","protected":false},"excerpt":{"rendered":"<h4 style=\"margin: 0px;padding: 0px 0px 16px;font-family: Lato, sans-serif;font-weight: bold;line-height: 3rem;color: var(--dark-grey3);font-size: 22px;font-style: normal;letter-spacing: normal;text-align: start;text-indent: 0px;text-transform: none\">Informa\u00e7\u00f5es t\u00e9cnicas<\/h4>\n<p><span style=\"margin: 0px;padding: 0px;font-weight: 450;font-size: 14px;line-height: 21px;color: var(--dark-grey2);font-family: Lato, sans-serif;font-style: normal;letter-spacing: normal;text-align: start;text-indent: 0px;text-transform: none\">Produto: Lumin\u00e1ria de mesa<br \/>\nMarca: Taschibra<br \/>\nModelo: TLE 06<br \/>\nMaterial: Poliestireno<br \/>\nCor: Branco<br \/>\nCor da Luz: Branco<br \/>\nPot\u00eancia: 2w<br \/>\nTens\u00e3o El\u00e9trica: 127-220v<br \/>\nAlimenta\u00e7\u00e3o: Bateria de l\u00edtio<br \/>\nTemperatura de cor: 6000K<br \/>\nCaracter\u00edsticas: 30 Leds SMD<br \/>\nPossui duas intensidades de luz &#8211; 3 \u00e0 6 horas<br \/>\nPossui al\u00e7a para fixa\u00e7\u00e3o<br \/>\nRecarga completa da bateria 12 horas<br \/>\nItens Inclusos: 1 Lumin\u00e1ria de mesa<br \/>\nDimens\u00f5es do produto (A X L X P): 5,5 x 20 x 3cm<\/span><\/p>\n","protected":false},"featured_media":25480,"template":"","meta":{"_joinchat":[]},"product_brand":[],"product_cat":[78],"product_tag":[],"class_list":{"0":"post-22380","1":"product","2":"type-product","3":"status-publish","4":"has-post-thumbnail","6":"product_cat-iluminacao-comercial","8":"first","9":"outofstock","10":"shipping-taxable","11":"purchasable","12":"product-type-simple"},"_links":{"self":[{"href":"https:\/\/www.multicasa.com.br\/inicio\/wp-json\/wp\/v2\/product\/22380","targetHints":{"allow":["GET"]}}],"collection":[{"href":"https:\/\/www.multicasa.com.br\/inicio\/wp-json\/wp\/v2\/product"}],"about":[{"href":"https:\/\/www.multicasa.com.br\/inicio\/wp-json\/wp\/v2\/types\/product"}],"wp:featuredmedia":[{"embeddable":true,"href":"https:\/\/www.multicasa.com.br\/inicio\/wp-json\/wp\/v2\/media\/25480"}],"wp:attachment":[{"href":"https:\/\/www.multicasa.com.br\/inicio\/wp-json\/wp\/v2\/media?parent=22380"}],"wp:term":[{"taxonomy":"product_brand","embeddable":true,"href":"https:\/\/www.multicasa.com.br\/inicio\/wp-json\/wp\/v2\/product_brand?post=22380"},{"taxonomy":"product_cat","embeddable":true,"href":"https:\/\/www.multicasa.com.br\/inicio\/wp-json\/wp\/v2\/product_cat?post=22380"},{"taxonomy":"product_tag","embeddable":true,"href":"https:\/\/www.multicasa.com.br\/inicio\/wp-json\/wp\/v2\/product_tag?post=22380"}],"curies":[{"name":"wp","href":"https:\/\/api.w.org\/{rel}","templated":true}]}}