{"id":22382,"date":"2025-06-20T20:34:47","date_gmt":"2025-06-21T00:34:47","guid":{"rendered":"https:\/\/www.multicasa.com.br\/inicio\/?post_type=product&#038;p=22382"},"modified":"2025-08-18T01:55:23","modified_gmt":"2025-08-18T05:55:23","slug":"central-de-controle-infravermelho-universal-wi-fi-geonav","status":"publish","type":"product","link":"https:\/\/www.multicasa.com.br\/inicio\/produto\/central-de-controle-infravermelho-universal-wi-fi-geonav\/","title":{"rendered":"Central de Controle Infravermelho Universal Wi-Fi Geonav"},"content":{"rendered":"<p>Experimente o conforto de ligar ou desligar sua TV, trocar de canal, ajustar a temperatura do ar condicionado antes mesmo de entrar em casa. Com a Central de Controle Infravermelho voc\u00ea gerencia todos os dispositivos infravermelhos da sua casa e ambientes corporativos por comando de voz ou pelo aplicativo HI by Geonav. Compat\u00edvel com equipamentos controlados por infravermelho como TV, ar condicionado, receiver, home theater e outros. Multidirecional, o controle remoto gerencia diferentes dispositivos em um \u00e2ngulo de 360\u00ba. Sem limite de aparelhos em um mesmo ambiente.<\/p>\n","protected":false},"excerpt":{"rendered":"<h4 style=\"margin: 0px;padding: 0px 0px 16px;font-family: Lato, sans-serif;font-weight: bold;line-height: 3rem;color: var(--dark-grey3);font-size: 22px;font-style: normal;letter-spacing: normal;text-align: start;text-indent: 0px;text-transform: none\">Informa\u00e7\u00f5es t\u00e9cnicas<\/h4>\n<p><span style=\"margin: 0px;padding: 0px;font-weight: 450;font-size: 14px;line-height: 21px;color: var(--dark-grey2);font-family: Lato, sans-serif;font-style: normal;letter-spacing: normal;text-align: start;text-indent: 0px;text-transform: none\">Produto: Central de Controle Remoto<br \/>\nMarca: Geonav<br \/>\nModelo: HIRCIR                                                                                                                                                                Material: Policarbonato, ABS anti-chamas<br \/>\nCor: Preto                                                                                                                                                                        Pot\u00eancia: ?0.5W<br \/>\nCaracter\u00edsticas: Entrada: 5VCC 1A; Dire\u00e7\u00e3o do infravermelho: Multidirecional (360\u00b0); Alcance do infravermelho: ?8m (depende do ambiente); Rede sem fio: 2.4GHz, padr\u00e3o 802.11b\/g\/n; Alcance da rede sem fio: 50m (dist\u00e2ncia do roteador)<br \/>\nItens inclusos: 1 central de controle remoto<br \/>\nDimens\u00f5es do produto (A X L X P): 6,5 x 6,5 x 2,5cm<br \/>\nPeso: 51,2g                                                                                                                                                                      Garantia: 1 ano para defeitos de fabrica\u00e7\u00e3o<\/span><\/p>\n","protected":false},"featured_media":22395,"template":"","meta":{"_joinchat":[]},"product_brand":[],"product_cat":[164],"product_tag":[],"class_list":{"0":"post-22382","1":"product","2":"type-product","3":"status-publish","4":"has-post-thumbnail","6":"product_cat-casa-inteligente","8":"first","9":"outofstock","10":"shipping-taxable","11":"purchasable","12":"product-type-simple"},"_links":{"self":[{"href":"https:\/\/www.multicasa.com.br\/inicio\/wp-json\/wp\/v2\/product\/22382","targetHints":{"allow":["GET"]}}],"collection":[{"href":"https:\/\/www.multicasa.com.br\/inicio\/wp-json\/wp\/v2\/product"}],"about":[{"href":"https:\/\/www.multicasa.com.br\/inicio\/wp-json\/wp\/v2\/types\/product"}],"wp:featuredmedia":[{"embeddable":true,"href":"https:\/\/www.multicasa.com.br\/inicio\/wp-json\/wp\/v2\/media\/22395"}],"wp:attachment":[{"href":"https:\/\/www.multicasa.com.br\/inicio\/wp-json\/wp\/v2\/media?parent=22382"}],"wp:term":[{"taxonomy":"product_brand","embeddable":true,"href":"https:\/\/www.multicasa.com.br\/inicio\/wp-json\/wp\/v2\/product_brand?post=22382"},{"taxonomy":"product_cat","embeddable":true,"href":"https:\/\/www.multicasa.com.br\/inicio\/wp-json\/wp\/v2\/product_cat?post=22382"},{"taxonomy":"product_tag","embeddable":true,"href":"https:\/\/www.multicasa.com.br\/inicio\/wp-json\/wp\/v2\/product_tag?post=22382"}],"curies":[{"name":"wp","href":"https:\/\/api.w.org\/{rel}","templated":true}]}}