{"id":22402,"date":"2025-06-20T20:35:12","date_gmt":"2025-06-21T00:35:12","guid":{"rendered":"https:\/\/www.multicasa.com.br\/inicio\/?post_type=product&#038;p=22402"},"modified":"2026-04-24T11:50:30","modified_gmt":"2026-04-24T15:50:30","slug":"base-p-valvula-de-descarga-11-2-docol","status":"publish","type":"product","link":"https:\/\/www.multicasa.com.br\/inicio\/produto\/base-p-valvula-de-descarga-11-2-docol\/","title":{"rendered":"Base P\/ V\u00e1lvula De Descarga 11\/2 Docol"},"content":{"rendered":"<p>A v\u00e1lvula de descarga 1 \u00bd&#8221; com base da nossa marca possibilita diversas escolhas no projeto, pois com essa v\u00e1lvula instalada no banheiro, voc\u00ea pode escolher qualquer acabamento. Esse produto \u00e9 feito para ambientes como casas e resid\u00eancias de baixa press\u00e3o. Al\u00e9m disso, a v\u00e1lvula \u00e9 feita de metal e possui Garantia Toda Vida, o que comprova a qualidade na produ\u00e7\u00e3o de cada pe\u00e7a da nossa marca. Sua instala\u00e7\u00e3o embutida proporciona um banheiro muito mais limpo e sofisticado, pois todo o equipamento fica dentro da parede; o que fica para fora \u00e9 apenas o acabamento. Por fim, a manuten\u00e7\u00e3o, quando necess\u00e1ria, \u00e9 simples e r\u00e1pida, pois a v\u00e1lvula fica atr\u00e1s do acabamento e possui um registro integrado que permite fechar todo o fluxo da \u00e1gua na pr\u00f3pria v\u00e1lvula, sem necessidade de fechar o registro geral da caixa proporcionando maior facilidade e agilidade na manuten\u00e7\u00e3o.<\/p>\n","protected":false},"excerpt":{"rendered":"<h4 style=\"margin: 0px; padding: 0px 0px 16px; font-family: Lato, sans-serif; font-weight: bold; line-height: 3rem; color: var(--dark-grey3); font-size: 22px; font-style: normal; letter-spacing: normal; text-align: start; text-indent: 0px; text-transform: none;\">Informa\u00e7\u00f5es t\u00e9cnicas<\/h4>\n<p><span style=\"margin: 0px; padding: 0px; font-weight: 450; font-size: 14px; line-height: 21px; color: var(--dark-grey2); font-family: Lato, sans-serif; font-style: normal; letter-spacing: normal; text-align: start; text-indent: 0px; text-transform: none;\">Produto: BASE P\/ V\u00c1LVULA DE DESCARGA 11\/2<br \/>\nMarca: DOCOL<br \/>\nCor: Bruto<\/span><\/p>\n<p>&#8211; Sistema de abertura: Fechamento autom\u00e1tico<br \/>\n&#8211; Tecnologias: Garantia Toda Vida<br \/>\n&#8211; Arejador: Sem arejador<br \/>\n&#8211; Bitola: 1.1\/2&#8243; &#8211; DN 40<br \/>\n&#8211; Classe de press\u00e3o: 1,5 a 15 m.c.a<br \/>\n&#8211; Temperatura m\u00e1xima da \u00e1gua: 40\u00b0C<br \/>\n&#8211; Norma: NBR 15857<br \/>\n&#8211; Conte\u00fado da embalagem: 1 v\u00e1lvula de descarga e 1 manual de instala\u00e7\u00e3o<br \/>\n&#8211; Composi\u00e7\u00e3o: A\u00e7o inoxid\u00e1vel, pl\u00e1stico de engenharia, ligas de cobre e elast\u00f4meros.<br \/>\n&#8211; Tipo de Instala\u00e7\u00e3o: Parede<\/p>\n","protected":false},"featured_media":27253,"template":"","meta":{"_joinchat":[]},"product_brand":[],"product_cat":[66],"product_tag":[],"class_list":{"0":"post-22402","1":"product","2":"type-product","3":"status-publish","4":"has-post-thumbnail","6":"product_cat-metais-basicos","8":"first","9":"instock","10":"shipping-taxable","11":"purchasable","12":"product-type-simple"},"_links":{"self":[{"href":"https:\/\/www.multicasa.com.br\/inicio\/wp-json\/wp\/v2\/product\/22402","targetHints":{"allow":["GET"]}}],"collection":[{"href":"https:\/\/www.multicasa.com.br\/inicio\/wp-json\/wp\/v2\/product"}],"about":[{"href":"https:\/\/www.multicasa.com.br\/inicio\/wp-json\/wp\/v2\/types\/product"}],"wp:featuredmedia":[{"embeddable":true,"href":"https:\/\/www.multicasa.com.br\/inicio\/wp-json\/wp\/v2\/media\/27253"}],"wp:attachment":[{"href":"https:\/\/www.multicasa.com.br\/inicio\/wp-json\/wp\/v2\/media?parent=22402"}],"wp:term":[{"taxonomy":"product_brand","embeddable":true,"href":"https:\/\/www.multicasa.com.br\/inicio\/wp-json\/wp\/v2\/product_brand?post=22402"},{"taxonomy":"product_cat","embeddable":true,"href":"https:\/\/www.multicasa.com.br\/inicio\/wp-json\/wp\/v2\/product_cat?post=22402"},{"taxonomy":"product_tag","embeddable":true,"href":"https:\/\/www.multicasa.com.br\/inicio\/wp-json\/wp\/v2\/product_tag?post=22402"}],"curies":[{"name":"wp","href":"https:\/\/api.w.org\/{rel}","templated":true}]}}