{"id":22403,"date":"2025-06-20T20:35:12","date_gmt":"2025-06-21T00:35:12","guid":{"rendered":"https:\/\/www.multicasa.com.br\/inicio\/?post_type=product&#038;p=22403"},"modified":"2025-12-02T10:14:42","modified_gmt":"2025-12-02T14:14:42","slug":"base-registro-gaveta-3-4-docol","status":"publish","type":"product","link":"https:\/\/www.multicasa.com.br\/inicio\/produto\/base-registro-gaveta-3-4-docol\/","title":{"rendered":"Base Registro Gaveta 3\/4 Docol"},"content":{"rendered":"<p>Os registros de gaveta servem para tornar o fechamento d\u00e1gua mais r\u00e1pido e \u00e1gil em momentos de urg\u00eancia. Por exemplo, se ocorrer um vazamento no banheiro e voc\u00ea tem um registro de gaveta, n\u00e3o h\u00e1 necessidade de desligar a \u00e1gua da casa toda, mas sim daquele c\u00f4modo.<\/p>\n","protected":false},"excerpt":{"rendered":"<h4 style=\"margin: 0px;padding: 0px 0px 16px;font-family: Lato, sans-serif;font-weight: bold;line-height: 3rem;color: var(--dark-grey3);font-size: 22px;font-style: normal;letter-spacing: normal;text-align: start;text-indent: 0px;text-transform: none\">Informa\u00e7\u00f5es t\u00e9cnicas<\/h4>\n<p><span style=\"margin: 0px;padding: 0px;font-weight: 450;font-size: 14px;line-height: 21px;color: var(--dark-grey2);font-family: Lato, sans-serif;font-style: normal;letter-spacing: normal;text-align: start;text-indent: 0px;text-transform: none\">Produto: BASE REGISTRO GAVETA 3\/4<br \/>\nMarca: DOCOL<br \/>\nMaterial: Ligas de cobre, elast\u00f4meros e pl\u00e1stico de engenharia<br \/>\nCor: BRUTO<br \/>\nCaracter\u00edsticas: serve para tornar o fechamento d\u00e1gua mais r\u00e1pido e \u00e1gil em momentos de urg\u00eancia.<br \/>\nDimens\u00f5es:<br \/>\nComprimento do produto:<br \/>\n36 mm<br \/>\nAltura do produto:<br \/>\n105 mm<br \/>\nLargura do produto:<br \/>\n42 mm<br \/>\nPeso L\u00edquido:<br \/>\n0,281 kg<br \/>\nPeso Bruto:<br \/>\n0,281 kg<\/span><\/p>\n","protected":false},"featured_media":27254,"template":"","meta":{"_joinchat":[]},"product_brand":[],"product_cat":[66],"product_tag":[],"class_list":{"0":"post-22403","1":"product","2":"type-product","3":"status-publish","4":"has-post-thumbnail","6":"product_cat-metais-basicos","8":"first","9":"outofstock","10":"shipping-taxable","11":"purchasable","12":"product-type-simple"},"_links":{"self":[{"href":"https:\/\/www.multicasa.com.br\/inicio\/wp-json\/wp\/v2\/product\/22403","targetHints":{"allow":["GET"]}}],"collection":[{"href":"https:\/\/www.multicasa.com.br\/inicio\/wp-json\/wp\/v2\/product"}],"about":[{"href":"https:\/\/www.multicasa.com.br\/inicio\/wp-json\/wp\/v2\/types\/product"}],"wp:featuredmedia":[{"embeddable":true,"href":"https:\/\/www.multicasa.com.br\/inicio\/wp-json\/wp\/v2\/media\/27254"}],"wp:attachment":[{"href":"https:\/\/www.multicasa.com.br\/inicio\/wp-json\/wp\/v2\/media?parent=22403"}],"wp:term":[{"taxonomy":"product_brand","embeddable":true,"href":"https:\/\/www.multicasa.com.br\/inicio\/wp-json\/wp\/v2\/product_brand?post=22403"},{"taxonomy":"product_cat","embeddable":true,"href":"https:\/\/www.multicasa.com.br\/inicio\/wp-json\/wp\/v2\/product_cat?post=22403"},{"taxonomy":"product_tag","embeddable":true,"href":"https:\/\/www.multicasa.com.br\/inicio\/wp-json\/wp\/v2\/product_tag?post=22403"}],"curies":[{"name":"wp","href":"https:\/\/api.w.org\/{rel}","templated":true}]}}