{"id":22405,"date":"2025-06-20T20:35:12","date_gmt":"2025-06-21T00:35:12","guid":{"rendered":"https:\/\/www.multicasa.com.br\/inicio\/?post_type=product&#038;p=22405"},"modified":"2025-09-10T11:03:47","modified_gmt":"2025-09-10T15:03:47","slug":"rele-fotimer-ajust-s-base-biv-exat","status":"publish","type":"product","link":"https:\/\/www.multicasa.com.br\/inicio\/produto\/rele-fotimer-ajust-s-base-biv-exat\/","title":{"rendered":"Rele Fotimer Ajust.S\/Base Biv Exat"},"content":{"rendered":"<p>O Rel\u00e9 Fotimer Exatron (RTT\u00d8MP) \u00e9 um rel\u00e9 fotoel\u00e9trico temporizador, ideal para ilumina\u00e7\u00e3o de fachadas, luminosos, vitrines, pain\u00e9is ou qualquer outra carga. Mant\u00e9m acesas lumin\u00e1rias na aus\u00eancia de luz natural<br \/>\ne pelo tempo que voc\u00ea programar. O Rel\u00e9 Fotimer Exatron \u00e9 insens\u00edvel a varia\u00e7\u00f5es bruscas de luminosidade, rel\u00e2mpagos e far\u00f3is. Pode ser instalado com qualquer tipo de l\u00e2mpada.<\/p>\n","protected":false},"excerpt":{"rendered":"<h4 style=\"margin: 0px;padding: 0px 0px 16px;font-family: Lato, sans-serif;font-weight: bold;line-height: 3rem;color: var(--dark-grey3);font-size: 22px;font-style: normal;letter-spacing: normal;text-align: start;text-indent: 0px;text-transform: none\">Informa\u00e7\u00f5es t\u00e9cnicas<\/h4>\n<p><span style=\"margin: 0px;padding: 0px;font-weight: 450;font-size: 14px;line-height: 21px;color: var(--dark-grey2);font-family: Lato, sans-serif;font-style: normal;letter-spacing: normal;text-align: start;text-indent: 0px;text-transform: none\">Produto: RELE FOTIMER AJUST.S\/BASE BIV EXAT<br \/>\nMarca: EXATRON<br \/>\nCor: Branca<\/p>\n<p>&#8211; Tens\u00e3o: 105 a 305 VCA \/ 50-60 Hz Bivolt<br \/>\nautom\u00e1tico;<br \/>\n&#8211; Tempo de acionamento da carga: 1, 2, 3, 4, 6, 8, 10<br \/>\nou 12 horas selecion\u00e1vel atrav\u00e9s de trimpot;<br \/>\n&#8211; Luminosidade para ligar: entre 3 e 40 Lux ajust\u00e1vel<br \/>\natrav\u00e9 de trimpot;<br \/>\n&#8211; \u00cdndice de prote\u00e7\u00e3o : IP 65;<br \/>\n&#8211; Material do produto: Tampa verde em policarbonato<br \/>\ncom prote\u00e7\u00e3o UV, base em copolimero polipropileno,<br \/>\ngaxeta em PVC;<br \/>\n&#8211; Tipo de contato quando desenergizado: normalmente<br \/>\naberto ( NA ) &#8211; fail-off;<br \/>\n&#8211; Filtro de tempo: impede acionamentos indevidos<br \/>\ndevido a varia\u00e7\u00f5es bruscas de luminosidade como<br \/>\nraios, laser, nuvens e etc. Menor que 5 segundos para<br \/>\nligar ou para desligar (tipo instant\u00e2neo);<br \/>\n&#8211; Luminosidade pra desligar : menor que 50 Lux;<br \/>\n&#8211; Inrush Control Technology : Exclusivo sistema<br \/>\ncomuta\u00e7\u00e3o por gradua\u00e7\u00e3o em tens\u00e3o el\u00e9trica &lt; 50 V,<br \/>\naumentando a vida util da carga e do rel\u00e9;<br \/>\n&#8211; Design moderno com exclusivo fechamento sem<br \/>\nparafusos;<br \/>\n&#8211; Uso de sensor LDR;<br \/>\n&#8211; Prote\u00e7\u00e3o contra sobrecarga ou curto-circuito: atrav\u00e9s<br \/>\nde fus\u00edvel (10 A);<br \/>\n&#8211; Tens\u00e3o de surto: Suporta mais de 4000V \/ 2000A;<br \/>\n&#8211; Rigidez diel\u00e9trica : Maior 2500V;<br \/>\n&#8211; Pinos em lat\u00e3o estanhados;<br \/>\n&#8211; Mapa de marca\u00e7\u00e3o indel\u00e9vel do momento de retirada<br \/>\ne coloca\u00e7\u00e3o em campo.<\/span><\/p>\n","protected":false},"featured_media":25918,"template":"","meta":{"_joinchat":[]},"product_brand":[],"product_cat":[78],"product_tag":[],"class_list":{"0":"post-22405","1":"product","2":"type-product","3":"status-publish","4":"has-post-thumbnail","6":"product_cat-iluminacao-comercial","8":"first","9":"outofstock","10":"shipping-taxable","11":"purchasable","12":"product-type-simple"},"_links":{"self":[{"href":"https:\/\/www.multicasa.com.br\/inicio\/wp-json\/wp\/v2\/product\/22405","targetHints":{"allow":["GET"]}}],"collection":[{"href":"https:\/\/www.multicasa.com.br\/inicio\/wp-json\/wp\/v2\/product"}],"about":[{"href":"https:\/\/www.multicasa.com.br\/inicio\/wp-json\/wp\/v2\/types\/product"}],"wp:featuredmedia":[{"embeddable":true,"href":"https:\/\/www.multicasa.com.br\/inicio\/wp-json\/wp\/v2\/media\/25918"}],"wp:attachment":[{"href":"https:\/\/www.multicasa.com.br\/inicio\/wp-json\/wp\/v2\/media?parent=22405"}],"wp:term":[{"taxonomy":"product_brand","embeddable":true,"href":"https:\/\/www.multicasa.com.br\/inicio\/wp-json\/wp\/v2\/product_brand?post=22405"},{"taxonomy":"product_cat","embeddable":true,"href":"https:\/\/www.multicasa.com.br\/inicio\/wp-json\/wp\/v2\/product_cat?post=22405"},{"taxonomy":"product_tag","embeddable":true,"href":"https:\/\/www.multicasa.com.br\/inicio\/wp-json\/wp\/v2\/product_tag?post=22405"}],"curies":[{"name":"wp","href":"https:\/\/api.w.org\/{rel}","templated":true}]}}