{"id":22407,"date":"2025-06-20T20:35:12","date_gmt":"2025-06-21T00:35:12","guid":{"rendered":"https:\/\/www.multicasa.com.br\/inicio\/?post_type=product&#038;p=22407"},"modified":"2026-04-24T11:50:19","modified_gmt":"2026-04-24T15:50:19","slug":"valvula-retencao-horiz-1-docol","status":"publish","type":"product","link":"https:\/\/www.multicasa.com.br\/inicio\/produto\/valvula-retencao-horiz-1-docol\/","title":{"rendered":"V\u00e1lvula Retencao Horiz.1 Docol"},"content":{"rendered":"<p>O principal benef\u00edcio das v\u00e1lvulas de reten\u00e7\u00e3o \u00e9 permitir que a \u00e1gua circule somente numa dire\u00e7\u00e3o, evitando que part\u00edculas de sujeira retornem para o sistema hidr\u00e1ulico<\/p>\n","protected":false},"excerpt":{"rendered":"<h4 style=\"margin: 0px;padding: 0px 0px 16px;font-family: Lato, sans-serif;font-weight: bold;line-height: 3rem;color: var(--dark-grey3);font-size: 22px;font-style: normal;letter-spacing: normal;text-align: start;text-indent: 0px;text-transform: none\">Informa\u00e7\u00f5es t\u00e9cnicas<\/h4>\n<p><span style=\"margin: 0px;padding: 0px;font-weight: 450;font-size: 14px;line-height: 21px;color: var(--dark-grey2);font-family: Lato, sans-serif;font-style: normal;letter-spacing: normal;text-align: start;text-indent: 0px;text-transform: none\">Aplica\u00e7\u00e3o: rede de distribui\u00e7\u00e3o de \u00e1gua e sistema de capta\u00e7\u00e3o de \u00e1gua (recalque). Rosca NBR 6414 (ISO R7\/1). Passagem plena, ocasionando m\u00ednima perda de carga. Resist\u00eancia mec\u00e2nica para rigidez, desgaste e fadiga ocasionados durante o uso. Desenvolvida para reten\u00e7\u00e3o de fluido em refluxo de tubula\u00e7\u00f5es horizontais. Bitola de: 1&#8243;. Temperatura m\u00e1xima da \u00e1gua: 200\u00b0C. Garantia Toda Vida: qualidade e seguran\u00e7a por tempo indeterminado. Para mais informa\u00e7\u00f5es, acesse http:\/\/www.docol.com.br\/pt\/garantia<\/span><\/p>\n","protected":false},"featured_media":26214,"template":"","meta":{"_joinchat":[]},"product_brand":[],"product_cat":[66],"product_tag":[],"class_list":{"0":"post-22407","1":"product","2":"type-product","3":"status-publish","4":"has-post-thumbnail","6":"product_cat-metais-basicos","8":"first","9":"instock","10":"shipping-taxable","11":"purchasable","12":"product-type-simple"},"_links":{"self":[{"href":"https:\/\/www.multicasa.com.br\/inicio\/wp-json\/wp\/v2\/product\/22407","targetHints":{"allow":["GET"]}}],"collection":[{"href":"https:\/\/www.multicasa.com.br\/inicio\/wp-json\/wp\/v2\/product"}],"about":[{"href":"https:\/\/www.multicasa.com.br\/inicio\/wp-json\/wp\/v2\/types\/product"}],"wp:featuredmedia":[{"embeddable":true,"href":"https:\/\/www.multicasa.com.br\/inicio\/wp-json\/wp\/v2\/media\/26214"}],"wp:attachment":[{"href":"https:\/\/www.multicasa.com.br\/inicio\/wp-json\/wp\/v2\/media?parent=22407"}],"wp:term":[{"taxonomy":"product_brand","embeddable":true,"href":"https:\/\/www.multicasa.com.br\/inicio\/wp-json\/wp\/v2\/product_brand?post=22407"},{"taxonomy":"product_cat","embeddable":true,"href":"https:\/\/www.multicasa.com.br\/inicio\/wp-json\/wp\/v2\/product_cat?post=22407"},{"taxonomy":"product_tag","embeddable":true,"href":"https:\/\/www.multicasa.com.br\/inicio\/wp-json\/wp\/v2\/product_tag?post=22407"}],"curies":[{"name":"wp","href":"https:\/\/api.w.org\/{rel}","templated":true}]}}