{"id":22409,"date":"2025-06-20T20:35:13","date_gmt":"2025-06-21T00:35:13","guid":{"rendered":"https:\/\/www.multicasa.com.br\/inicio\/?post_type=product&#038;p=22409"},"modified":"2025-08-16T16:45:35","modified_gmt":"2025-08-16T20:45:35","slug":"luminaria-led-hermetica-36w-bivolt-6-5k","status":"publish","type":"product","link":"https:\/\/www.multicasa.com.br\/inicio\/produto\/luminaria-led-hermetica-36w-bivolt-6-5k\/","title":{"rendered":"Luminaria Led Hermetica 36W Bivolt 6.5K"},"content":{"rendered":"<p>Lumin\u00e1ria herm\u00e9tica de sobrepor TRI PROOF LED, possui design linear e moderno, ilumina\u00e7\u00e3o eficiente, estruturado em PVC branco e difusor em policarbonato. Modelo com LED integrado, pronto para instalar. Ideal para ambiente com alto n\u00edvel de umidade e \u00e1reas externas.<\/p>\n","protected":false},"excerpt":{"rendered":"<h4 style=\"margin: 0px;padding: 0px 0px 16px;font-family: Lato, sans-serif;font-weight: bold;line-height: 3rem;color: var(--dark-grey3);font-size: 22px;font-style: normal;letter-spacing: normal;text-align: start;text-indent: 0px;text-transform: none\">Informa\u00e7\u00f5es t\u00e9cnicas<\/h4>\n<p><span style=\"margin: 0px;padding: 0px;font-weight: 450;font-size: 14px;line-height: 21px;color: var(--dark-grey2);font-family: Lato, sans-serif;font-style: normal;letter-spacing: normal;text-align: start;text-indent: 0px;text-transform: none\">Produto: LUMINARIA LED HERMETICA 36W BIV.6.5<br \/>\nMarca: led<br \/>\nMaterial: PVC<br \/>\nCor: Branca<br \/>\nCaracter\u00edsticas<br \/>\n&#8211; Garantia de 2 anos contra defeitos de fabrica\u00e7\u00e3o;<br \/>\n&#8211; Vida \u00fatil 25.000 horas;<br \/>\n&#8211; Grau de prote\u00e7\u00e3o IP65;<br \/>\n&#8211; Tens\u00e3o bivolt 127-220Vca.<br \/>\nDimens\u00f5es<br \/>\n120 x 4,3 x 3,8 cm<\/span><\/p>\n","protected":false},"featured_media":25487,"template":"","meta":{"_joinchat":[]},"product_brand":[],"product_cat":[78],"product_tag":[],"class_list":{"0":"post-22409","1":"product","2":"type-product","3":"status-publish","4":"has-post-thumbnail","6":"product_cat-iluminacao-comercial","8":"first","9":"outofstock","10":"shipping-taxable","11":"product-type-simple"},"_links":{"self":[{"href":"https:\/\/www.multicasa.com.br\/inicio\/wp-json\/wp\/v2\/product\/22409","targetHints":{"allow":["GET"]}}],"collection":[{"href":"https:\/\/www.multicasa.com.br\/inicio\/wp-json\/wp\/v2\/product"}],"about":[{"href":"https:\/\/www.multicasa.com.br\/inicio\/wp-json\/wp\/v2\/types\/product"}],"wp:featuredmedia":[{"embeddable":true,"href":"https:\/\/www.multicasa.com.br\/inicio\/wp-json\/wp\/v2\/media\/25487"}],"wp:attachment":[{"href":"https:\/\/www.multicasa.com.br\/inicio\/wp-json\/wp\/v2\/media?parent=22409"}],"wp:term":[{"taxonomy":"product_brand","embeddable":true,"href":"https:\/\/www.multicasa.com.br\/inicio\/wp-json\/wp\/v2\/product_brand?post=22409"},{"taxonomy":"product_cat","embeddable":true,"href":"https:\/\/www.multicasa.com.br\/inicio\/wp-json\/wp\/v2\/product_cat?post=22409"},{"taxonomy":"product_tag","embeddable":true,"href":"https:\/\/www.multicasa.com.br\/inicio\/wp-json\/wp\/v2\/product_tag?post=22409"}],"curies":[{"name":"wp","href":"https:\/\/api.w.org\/{rel}","templated":true}]}}