{"id":27172,"date":"2025-06-25T10:31:34","date_gmt":"2025-06-25T14:31:34","guid":{"rendered":"https:\/\/www.multicasa.com.br\/inicio\/produto\/arandela-led-rischi-6w-3000k-marfim\/"},"modified":"2025-12-29T11:51:32","modified_gmt":"2025-12-29T15:51:32","slug":"arandela-led-rischi-6w-3000k-marfim","status":"publish","type":"product","link":"https:\/\/www.multicasa.com.br\/inicio\/produto\/arandela-led-rischi-6w-3000k-marfim\/","title":{"rendered":"Arandela Led Rischi 6W 3000K Marfim"},"content":{"rendered":"<p>A Arandela Elegance Rischi \u00e9 uma lumin\u00e1ria decorativa ideal para ambientes internos e externos, como jardins, resid\u00eancias, lojas e escrit\u00f3rios. Com design elegante e funcional, a Arandela Elegance Rischi oferece uma ilumina\u00e7\u00e3o suave e focada, criando um ambiente aconchegante e charmoso.<\/p>\n","protected":false},"excerpt":{"rendered":"<h4 style=\"margin: 0px;padding: 0px 0px 16px;font-family: Lato, sans-serif;font-weight: bold;line-height: 3rem;color: var(--dark-grey3);font-size: 22px;font-style: normal;letter-spacing: normal;text-align: start;text-indent: 0px;text-transform: none\" data-mce-style=\"margin: 0px; padding: 0px 0px 16px; font-family: Lato, sans-serif; font-weight: bold; line-height: 3rem; color: var(--dark-grey3); font-size: 22px; font-style: normal; letter-spacing: normal; text-align: start; text-indent: 0px; text-transform: none;\">Informa\u00e7\u00f5es t\u00e9cnicas<\/h4>\n<p><span style=\"margin: 0px;padding: 0px;font-weight: 450;font-size: 14px;line-height: 21px;color: var(--dark-grey2);font-family: Lato, sans-serif;font-style: normal;letter-spacing: normal;text-align: start;text-indent: 0px;text-transform: none\" data-mce-style=\"margin: 0px; padding: 0px; font-weight: 450; font-size: 14px; line-height: 21px; color: var(--dark-grey2); font-family: Lato, sans-serif; font-style: normal; letter-spacing: normal; text-align: start; text-indent: 0px; text-transform: none;\">Corpo e difusor em policarbonato<br \/>Pot\u00eancia: 6W<br \/>\u00c2ngulo de abertura: 90\u00b0<br \/>Fluxo luminoso constante em toda faixa de tens\u00e3o<br \/>Baixo consumo de energia<br \/>Tipo de instala\u00e7\u00e3o: Sobrepor<br \/>IP65 (Resistente a \u00e1gua e poeira)<\/span><\/p>\n<p><\/p>\n","protected":false},"featured_media":0,"template":"","meta":{"_joinchat":[]},"product_brand":[],"product_cat":[157],"product_tag":[],"class_list":{"0":"post-27172","1":"product","2":"type-product","3":"status-publish","5":"product_cat-leds-decorativos","7":"first","8":"instock","9":"shipping-taxable","10":"purchasable","11":"product-type-simple"},"_links":{"self":[{"href":"https:\/\/www.multicasa.com.br\/inicio\/wp-json\/wp\/v2\/product\/27172","targetHints":{"allow":["GET"]}}],"collection":[{"href":"https:\/\/www.multicasa.com.br\/inicio\/wp-json\/wp\/v2\/product"}],"about":[{"href":"https:\/\/www.multicasa.com.br\/inicio\/wp-json\/wp\/v2\/types\/product"}],"wp:attachment":[{"href":"https:\/\/www.multicasa.com.br\/inicio\/wp-json\/wp\/v2\/media?parent=27172"}],"wp:term":[{"taxonomy":"product_brand","embeddable":true,"href":"https:\/\/www.multicasa.com.br\/inicio\/wp-json\/wp\/v2\/product_brand?post=27172"},{"taxonomy":"product_cat","embeddable":true,"href":"https:\/\/www.multicasa.com.br\/inicio\/wp-json\/wp\/v2\/product_cat?post=27172"},{"taxonomy":"product_tag","embeddable":true,"href":"https:\/\/www.multicasa.com.br\/inicio\/wp-json\/wp\/v2\/product_tag?post=27172"}],"curies":[{"name":"wp","href":"https:\/\/api.w.org\/{rel}","templated":true}]}}