{"id":27173,"date":"2025-06-25T10:41:34","date_gmt":"2025-06-25T14:41:34","guid":{"rendered":"https:\/\/www.multicasa.com.br\/inicio\/produto\/arandela-led-quattro-6w-biv-3000k-marfim\/"},"modified":"2025-12-29T11:42:33","modified_gmt":"2025-12-29T15:42:33","slug":"arandela-led-quattro-6w-biv-3000k-marfim","status":"publish","type":"product","link":"https:\/\/www.multicasa.com.br\/inicio\/produto\/arandela-led-quattro-6w-biv-3000k-marfim\/","title":{"rendered":"Arandela Led Quattro 6W Biv 3000K Marfim"},"content":{"rendered":"<p>A arandela quattro \u00e9 indicada para ilumina\u00e7\u00e3o decorativa deixando seu ambiente com uma luz focada e ao mesmo tempo suave. Ideal para ambientes internos e externos tais como jardins para resid\u00eancias lojas escrit\u00f3rios.<\/p>\n","protected":false},"excerpt":{"rendered":"<h4 style=\"margin: 0px;padding: 0px 0px 16px;font-family: Lato, sans-serif;font-weight: bold;line-height: 3rem;color: var(--dark-grey3);font-size: 22px;font-style: normal;letter-spacing: normal;text-align: start;text-indent: 0px;text-transform: none\" data-mce-style=\"margin: 0px; padding: 0px 0px 16px; font-family: Lato, sans-serif; font-weight: bold; line-height: 3rem; color: var(--dark-grey3); font-size: 22px; font-style: normal; letter-spacing: normal; text-align: start; text-indent: 0px; text-transform: none;\">Informa\u00e7\u00f5es t\u00e9cnicas<\/h4>\n<p><span style=\"margin: 0px;padding: 0px;font-weight: 450;font-size: 14px;line-height: 21px;color: var(--dark-grey2);font-family: Lato, sans-serif;font-style: normal;letter-spacing: normal;text-align: start;text-indent: 0px;text-transform: none\" data-mce-style=\"margin: 0px; padding: 0px; font-weight: 450; font-size: 14px; line-height: 21px; color: var(--dark-grey2); font-family: Lato, sans-serif; font-style: normal; letter-spacing: normal; text-align: start; text-indent: 0px; text-transform: none;\">Marca: Avant<br \/>Cor: MARFIM<br \/>Caracter\u00edsticas: Corpo e difusor em policarbonato. Dispon\u00edvel na pot\u00eancia de 6W (Due) Fluxo luminoso constante em toda faixa de tens\u00e3o. Baixo consumo de energia. Tipo de instala\u00e7\u00e3o: sobrepor Temperatura ambiente: -5\u00b0C a 40\u00b0C. Tens\u00e3o de entrada: 100V a 240V. Fator de Pot\u00eancia: =0,50. IP65<\/span><\/p>\n","protected":false},"featured_media":0,"template":"","meta":{"_joinchat":[]},"product_brand":[],"product_cat":[157],"product_tag":[],"class_list":{"0":"post-27173","1":"product","2":"type-product","3":"status-publish","5":"product_cat-leds-decorativos","7":"first","8":"instock","9":"shipping-taxable","10":"purchasable","11":"product-type-simple"},"_links":{"self":[{"href":"https:\/\/www.multicasa.com.br\/inicio\/wp-json\/wp\/v2\/product\/27173","targetHints":{"allow":["GET"]}}],"collection":[{"href":"https:\/\/www.multicasa.com.br\/inicio\/wp-json\/wp\/v2\/product"}],"about":[{"href":"https:\/\/www.multicasa.com.br\/inicio\/wp-json\/wp\/v2\/types\/product"}],"wp:attachment":[{"href":"https:\/\/www.multicasa.com.br\/inicio\/wp-json\/wp\/v2\/media?parent=27173"}],"wp:term":[{"taxonomy":"product_brand","embeddable":true,"href":"https:\/\/www.multicasa.com.br\/inicio\/wp-json\/wp\/v2\/product_brand?post=27173"},{"taxonomy":"product_cat","embeddable":true,"href":"https:\/\/www.multicasa.com.br\/inicio\/wp-json\/wp\/v2\/product_cat?post=27173"},{"taxonomy":"product_tag","embeddable":true,"href":"https:\/\/www.multicasa.com.br\/inicio\/wp-json\/wp\/v2\/product_tag?post=27173"}],"curies":[{"name":"wp","href":"https:\/\/api.w.org\/{rel}","templated":true}]}}