{"id":27174,"date":"2025-06-25T11:06:45","date_gmt":"2025-06-25T15:06:45","guid":{"rendered":"https:\/\/www.multicasa.com.br\/inicio\/produto\/arandela-led-elegance-4w-bivolt-3000k-preta\/"},"modified":"2025-12-29T11:42:54","modified_gmt":"2025-12-29T15:42:54","slug":"arandela-led-elegance-4w-bivolt-3000k-preta","status":"publish","type":"product","link":"https:\/\/www.multicasa.com.br\/inicio\/produto\/arandela-led-elegance-4w-bivolt-3000k-preta\/","title":{"rendered":"Arandela Led Elegance 4W Bivolt 3000K Preta"},"content":{"rendered":"<p>A Arandela Elegance LED 4W da Avant \u00e9 a solu\u00e7\u00e3o perfeita para quem deseja uma ilumina\u00e7\u00e3o decorativa e funcional em \u00e1reas internas ou externas. Com design moderno oferece uma ilumina\u00e7\u00e3o suave e aconchegante em luz branco quente (3000K).<br \/>Com LED integrado, corpo em policarbonato resistente e prote\u00e7\u00e3o IP65 \u00e0 prova d&#8217;\u00e1gua e poeira, ela \u00e9 ideal para jardins, fachadas, corredores, salas ou varandas. Seu funcionamento bivolt autom\u00e1tico (100V\/240V) e instala\u00e7\u00e3o sobrepor facilitam o uso em qualquer ambiente.<\/p>\n","protected":false},"excerpt":{"rendered":"<h4 style=\"margin: 0px;padding: 0px 0px 16px;font-family: Lato, sans-serif;font-weight: bold;line-height: 3rem;color: var(--dark-grey3);font-size: 22px;font-style: normal;letter-spacing: normal;text-align: start;text-indent: 0px;text-transform: none\" data-mce-style=\"margin: 0px; padding: 0px 0px 16px; font-family: Lato, sans-serif; font-weight: bold; line-height: 3rem; color: var(--dark-grey3); font-size: 22px; font-style: normal; letter-spacing: normal; text-align: start; text-indent: 0px; text-transform: none;\">Informa\u00e7\u00f5es t\u00e9cnicas<\/h4>\n<p><span style=\"margin: 0px;padding: 0px;font-weight: 450;font-size: 14px;line-height: 21px;color: var(--dark-grey2);font-family: Lato, sans-serif;font-style: normal;letter-spacing: normal;text-align: start;text-indent: 0px;text-transform: none\" data-mce-style=\"margin: 0px; padding: 0px; font-weight: 450; font-size: 14px; line-height: 21px; color: var(--dark-grey2); font-family: Lato, sans-serif; font-style: normal; letter-spacing: normal; text-align: start; text-indent: 0px; text-transform: none;\">Marca: Avant<br \/>Modelo: Elegance Versati<br \/>Pot\u00eancia:4W<br \/>Tens\u00e3o: Bivolt autom\u00e1tico (100V?240V)<br \/>Temperatura de Cor: 3000K (Branco Quente)<br \/>Fluxo Luminoso: 240 l\u00famens<br \/>Efici\u00eancia Luminosa: 60 lm\/W<br \/>IRC: &gt; 80<br \/>Fator de Pot\u00eancia: &gt; 0,50<br \/>Material: Policarbonato<br \/>Cor: Preta<br \/>Instala\u00e7\u00e3o: Sobrepor<br \/>Prote\u00e7\u00e3o: IP65 (\u00e0 prova d&#8217;\u00e1gua e poeira)<br \/>N\u00e3o Dimeriz\u00e1vel<br \/>Vida \u00datil: 15.000 horas<br \/>Temperatura de Opera\u00e7\u00e3o: -5\u00b0C a 40\u00b0C<br \/>Dimens\u00f5es: 120 x 120 x 50 mm<\/span><\/p>\n","protected":false},"featured_media":0,"template":"","meta":{"_joinchat":[]},"product_brand":[],"product_cat":[79],"product_tag":[],"class_list":{"0":"post-27174","1":"product","2":"type-product","3":"status-publish","5":"product_cat-iluminacao-decorativa","7":"first","8":"instock","9":"shipping-taxable","10":"purchasable","11":"product-type-simple"},"_links":{"self":[{"href":"https:\/\/www.multicasa.com.br\/inicio\/wp-json\/wp\/v2\/product\/27174","targetHints":{"allow":["GET"]}}],"collection":[{"href":"https:\/\/www.multicasa.com.br\/inicio\/wp-json\/wp\/v2\/product"}],"about":[{"href":"https:\/\/www.multicasa.com.br\/inicio\/wp-json\/wp\/v2\/types\/product"}],"wp:attachment":[{"href":"https:\/\/www.multicasa.com.br\/inicio\/wp-json\/wp\/v2\/media?parent=27174"}],"wp:term":[{"taxonomy":"product_brand","embeddable":true,"href":"https:\/\/www.multicasa.com.br\/inicio\/wp-json\/wp\/v2\/product_brand?post=27174"},{"taxonomy":"product_cat","embeddable":true,"href":"https:\/\/www.multicasa.com.br\/inicio\/wp-json\/wp\/v2\/product_cat?post=27174"},{"taxonomy":"product_tag","embeddable":true,"href":"https:\/\/www.multicasa.com.br\/inicio\/wp-json\/wp\/v2\/product_tag?post=27174"}],"curies":[{"name":"wp","href":"https:\/\/api.w.org\/{rel}","templated":true}]}}