{"id":28286,"date":"2025-09-17T16:22:31","date_gmt":"2025-09-17T20:22:31","guid":{"rendered":"https:\/\/www.multicasa.com.br\/inicio\/produto\/amolador-afiador-de-facas-bono-branco\/"},"modified":"2025-12-29T11:36:46","modified_gmt":"2025-12-29T15:36:46","slug":"amolador-afiador-de-facas-bono-branco","status":"publish","type":"product","link":"https:\/\/www.multicasa.com.br\/inicio\/produto\/amolador-afiador-de-facas-bono-branco\/","title":{"rendered":"Amolador Afiador de Facas Bono Branco"},"content":{"rendered":"<p>O Amolador Afiador de Facas da Bono alia praticidade e efici\u00eancia, oferece facilidade e resultado efetivo na afia\u00e7\u00e3o de facas, tesouras, chaves de fenda e ferramentas dom\u00e9sticas. Item indispens\u00e1vel para sua cozinha, tenha facilidade para amolar suas facas e preparar \u00f3timas receitas sem esfor\u00e7o!<\/p>\n","protected":false},"excerpt":{"rendered":"<h4 style=\"margin: 0px;padding: 0px 0px 16px;font-family: Lato, sans-serif;font-weight: bold;line-height: 3rem;color: var(--dark-grey3);font-size: 22px;font-style: normal;letter-spacing: normal;text-align: start;text-indent: 0px;text-transform: none\" data-mce-style=\"margin: 0px; padding: 0px 0px 16px; font-family: Lato, sans-serif; font-weight: bold; line-height: 3rem; color: var(--dark-grey3); font-size: 22px; font-style: normal; letter-spacing: normal; text-align: start; text-indent: 0px; text-transform: none;\">Informa\u00e7\u00f5es t\u00e9cnicas<\/h4>\n<p><span style=\"margin: 0px;padding: 0px;font-weight: 450;font-size: 14px;line-height: 21px;color: var(--dark-grey2);font-family: Lato, sans-serif;font-style: normal;letter-spacing: normal;text-align: start;text-indent: 0px;text-transform: none\" data-mce-style=\"margin: 0px; padding: 0px; font-weight: 450; font-size: 14px; line-height: 21px; color: var(--dark-grey2); font-family: Lato, sans-serif; font-style: normal; letter-spacing: normal; text-align: start; text-indent: 0px; text-transform: none;\">Produto: Amolador Afiador de Facas<br \/>Marca: Bono<br \/>Material: ABS, PP e Pedra safira<br \/>Cor: Branco<br \/>Uso indicado: Afiar e amolar facas, tesouras, chaves de fenda e ferramentas dom\u00e9sticas.<br \/>Itens Inclusos: 1 amolador afiador de facas<br \/>Dimens\u00f5es do produto (A x L x P): 14 x 5,5cm Peso: 0,194kg<\/span><\/p>\n","protected":false},"featured_media":0,"template":"","meta":{"_joinchat":[]},"product_brand":[],"product_cat":[93],"product_tag":[],"class_list":{"0":"post-28286","1":"product","2":"type-product","3":"status-publish","5":"product_cat-utensilios-para-cozinha","7":"first","8":"instock","9":"shipping-taxable","10":"purchasable","11":"product-type-simple"},"_links":{"self":[{"href":"https:\/\/www.multicasa.com.br\/inicio\/wp-json\/wp\/v2\/product\/28286","targetHints":{"allow":["GET"]}}],"collection":[{"href":"https:\/\/www.multicasa.com.br\/inicio\/wp-json\/wp\/v2\/product"}],"about":[{"href":"https:\/\/www.multicasa.com.br\/inicio\/wp-json\/wp\/v2\/types\/product"}],"wp:attachment":[{"href":"https:\/\/www.multicasa.com.br\/inicio\/wp-json\/wp\/v2\/media?parent=28286"}],"wp:term":[{"taxonomy":"product_brand","embeddable":true,"href":"https:\/\/www.multicasa.com.br\/inicio\/wp-json\/wp\/v2\/product_brand?post=28286"},{"taxonomy":"product_cat","embeddable":true,"href":"https:\/\/www.multicasa.com.br\/inicio\/wp-json\/wp\/v2\/product_cat?post=28286"},{"taxonomy":"product_tag","embeddable":true,"href":"https:\/\/www.multicasa.com.br\/inicio\/wp-json\/wp\/v2\/product_tag?post=28286"}],"curies":[{"name":"wp","href":"https:\/\/api.w.org\/{rel}","templated":true}]}}