{"id":28289,"date":"2025-09-17T16:37:16","date_gmt":"2025-09-17T20:37:16","guid":{"rendered":"https:\/\/www.multicasa.com.br\/inicio\/produto\/starter-fs-2-15-22w-tashibra\/"},"modified":"2026-03-13T11:20:23","modified_gmt":"2026-03-13T15:20:23","slug":"starter-fs-2-15-22w-tashibra","status":"publish","type":"product","link":"https:\/\/www.multicasa.com.br\/inicio\/produto\/starter-fs-2-15-22w-tashibra\/","title":{"rendered":"Starter FS-2 15\/22W Tashibra"},"content":{"rendered":"<p>O Starter FS-2 da Taschibra \u00e9 um dispositivo eletr\u00f4nico usado como ignitor para l\u00e2mpadas fluorescentes, perfeito para quem precisa utilizar l\u00e2mpadas flourescentes instaladas com reatores convencionais. Possui um capacitor interno, \u00e9 produzido em material de pl\u00e1stico na cor branca e metal, e sua voltagem dispon\u00edvel em 110\/127v; 240\/220v.<\/p>\n","protected":false},"excerpt":{"rendered":"<h4 style=\"margin: 0px;padding: 0px 0px 16px;font-family: Lato, sans-serif;font-weight: bold;line-height: 3rem;color: var(--dark-grey3);font-size: 22px;font-style: normal;letter-spacing: normal;text-align: start;text-indent: 0px;text-transform: none\">Informa\u00e7\u00f5es t\u00e9cnicas<\/h4>\n<p><span style=\"margin: 0px;padding: 0px;font-weight: 450;font-size: 14px;line-height: 21px;color: var(--dark-grey2);font-family: Lato, sans-serif;font-style: normal;letter-spacing: normal;text-align: start;text-indent: 0px;text-transform: none\">Produto: Starter FS-2 15\/22W<br \/>\nMarca: Tashibra<br \/>\nMaterial: Pl\u00e1stico; Metal<br \/>\nCor: Branco<br \/>\nVoltagem: 110\/127v; 240\/220v<br \/>\nCaracter\u00edsticas: Possibilita o acendimento de l\u00e2mpadas, fluorescentes quando instaladas com reatores convencionais<br \/>\nItens inclusos: 1 Starter FS-2 150\/22W<br \/>\nDimens\u00f5es do produto: 36 X 21mm<\/span><\/p>\n","protected":false},"featured_media":0,"template":"","meta":{"_joinchat":[]},"product_brand":[],"product_cat":[78],"product_tag":[],"class_list":{"0":"post-28289","1":"product","2":"type-product","3":"status-publish","5":"product_cat-iluminacao-comercial","7":"first","8":"instock","9":"shipping-taxable","10":"purchasable","11":"product-type-simple"},"_links":{"self":[{"href":"https:\/\/www.multicasa.com.br\/inicio\/wp-json\/wp\/v2\/product\/28289","targetHints":{"allow":["GET"]}}],"collection":[{"href":"https:\/\/www.multicasa.com.br\/inicio\/wp-json\/wp\/v2\/product"}],"about":[{"href":"https:\/\/www.multicasa.com.br\/inicio\/wp-json\/wp\/v2\/types\/product"}],"wp:attachment":[{"href":"https:\/\/www.multicasa.com.br\/inicio\/wp-json\/wp\/v2\/media?parent=28289"}],"wp:term":[{"taxonomy":"product_brand","embeddable":true,"href":"https:\/\/www.multicasa.com.br\/inicio\/wp-json\/wp\/v2\/product_brand?post=28289"},{"taxonomy":"product_cat","embeddable":true,"href":"https:\/\/www.multicasa.com.br\/inicio\/wp-json\/wp\/v2\/product_cat?post=28289"},{"taxonomy":"product_tag","embeddable":true,"href":"https:\/\/www.multicasa.com.br\/inicio\/wp-json\/wp\/v2\/product_tag?post=28289"}],"curies":[{"name":"wp","href":"https:\/\/api.w.org\/{rel}","templated":true}]}}