{"id":28291,"date":"2025-09-17T17:27:19","date_gmt":"2025-09-17T21:27:19","guid":{"rendered":"https:\/\/www.multicasa.com.br\/inicio\/produto\/corda-para-varal-incolor-poly-play-10m\/"},"modified":"2025-12-27T11:21:22","modified_gmt":"2025-12-27T15:21:22","slug":"corda-para-varal-incolor-poly-play-10m","status":"publish","type":"product","link":"https:\/\/www.multicasa.com.br\/inicio\/produto\/corda-para-varal-incolor-poly-play-10m\/","title":{"rendered":"Corda para Varal Incolor Poly Play 10m"},"content":{"rendered":"<p>A Corda para Varal da Poly Play \u00e9 feita de a\u00e7o, possui acabamento em PVC incolor e 10 metros de comprimento. F\u00e1cil de instalar e super-resistente, \u00e9 indicado para deixar sua lavanderia e servi\u00e7os de casa mais seguros. O cabo para varal de parede tem dimens\u00f5es de 1,8cm x 10m e acompanha 1 prendedor de brinde. Deixe seu lar pronto para os servi\u00e7os do dia-a-dia.<\/p>\n","protected":false},"excerpt":{"rendered":"<h4 style=\"margin: 0px;padding: 0px 0px 16px;font-family: Lato, sans-serif;font-weight: bold;line-height: 3rem;color: var(--dark-grey3);font-size: 22px;font-style: normal;letter-spacing: normal;text-align: start;text-indent: 0px;text-transform: none\">Informa\u00e7\u00f5es t\u00e9cnicas<\/h4>\n<p><span style=\"margin: 0px;padding: 0px;font-weight: 450;font-size: 14px;line-height: 21px;color: var(--dark-grey2);font-family: Lato, sans-serif;font-style: normal;letter-spacing: normal;text-align: start;text-indent: 0px;text-transform: none\">Produto: Corda para Varal<br \/>\nMarca: Poly Play<br \/>\nMaterial: A\u00e7o revestido com PVC Cristal<br \/>\nCor: Branco<br \/>\nQuantidade de pe\u00e7as: 2 pe\u00e7as<br \/>\nItens Inclusos: 1 Corda para Varal<br \/>\n1 Prendedor de roupa<br \/>\nDimens\u00f5es do produto (A X L X C): 1,8 x 2cm x 10m<\/span><\/p>\n","protected":false},"featured_media":0,"template":"","meta":{"_joinchat":[]},"product_brand":[],"product_cat":[136],"product_tag":[],"class_list":{"0":"post-28291","1":"product","2":"type-product","3":"status-publish","5":"product_cat-lazer","7":"first","8":"instock","9":"shipping-taxable","10":"purchasable","11":"product-type-simple"},"_links":{"self":[{"href":"https:\/\/www.multicasa.com.br\/inicio\/wp-json\/wp\/v2\/product\/28291","targetHints":{"allow":["GET"]}}],"collection":[{"href":"https:\/\/www.multicasa.com.br\/inicio\/wp-json\/wp\/v2\/product"}],"about":[{"href":"https:\/\/www.multicasa.com.br\/inicio\/wp-json\/wp\/v2\/types\/product"}],"wp:attachment":[{"href":"https:\/\/www.multicasa.com.br\/inicio\/wp-json\/wp\/v2\/media?parent=28291"}],"wp:term":[{"taxonomy":"product_brand","embeddable":true,"href":"https:\/\/www.multicasa.com.br\/inicio\/wp-json\/wp\/v2\/product_brand?post=28291"},{"taxonomy":"product_cat","embeddable":true,"href":"https:\/\/www.multicasa.com.br\/inicio\/wp-json\/wp\/v2\/product_cat?post=28291"},{"taxonomy":"product_tag","embeddable":true,"href":"https:\/\/www.multicasa.com.br\/inicio\/wp-json\/wp\/v2\/product_tag?post=28291"}],"curies":[{"name":"wp","href":"https:\/\/api.w.org\/{rel}","templated":true}]}}