{"id":28292,"date":"2025-09-17T17:49:48","date_gmt":"2025-09-17T21:49:48","guid":{"rendered":"https:\/\/www.multicasa.com.br\/inicio\/produto\/saboneteira-de-aco-cromado-future\/"},"modified":"2025-10-31T10:53:17","modified_gmt":"2025-10-31T14:53:17","slug":"saboneteira-de-aco-cromado-future","status":"publish","type":"product","link":"https:\/\/www.multicasa.com.br\/inicio\/produto\/saboneteira-de-aco-cromado-future\/","title":{"rendered":"Saboneteira de A\u00e7o Cromado Future"},"content":{"rendered":"<p>A Saboneteira Future \u00e9 ideal para uso no box do banheiro pois escoa a \u00e1gua facilmente entre os arames, fazendo com que o sabonete tenha maior durabilidade. Produzido em a\u00e7o prata, seu design super moderno e inovador \u00e9 perfeito para usar em bancadas ou pias. Recebe o tradicional tratamento superficial da Future no qual s\u00e3o aplicadas at\u00e9 4 camadas de metal e os produtos s\u00e3o revestidos com uma camada extra do protetivo especial Rust Free, garantindo cores vivas e brilhantes, al\u00e9m de maior resist\u00eancia contra ferrugem. Para limpeza, recomenda-se o uso de pano macio, \u00e1gua e sab\u00e3o neutro, nunca utilize materiais abrasivos ou produtos qu\u00edmicos corrosivos.<\/p>\n","protected":false},"excerpt":{"rendered":"<h4 style=\"margin: 0px;padding: 0px 0px 16px;font-family: Lato, sans-serif;font-weight: bold;line-height: 3rem;color: var(--dark-grey3);font-size: 22px;font-style: normal;letter-spacing: normal;text-align: start;text-indent: 0px;text-transform: none\">Informa\u00e7\u00f5es t\u00e9cnicas<\/h4>\n<p><span style=\"margin: 0px;padding: 0px;font-weight: 450;font-size: 14px;line-height: 21px;color: var(--dark-grey2);font-family: Lato, sans-serif;font-style: normal;letter-spacing: normal;text-align: start;text-indent: 0px;text-transform: none\">Produto: Saboneteira<br \/>\nMarca: Future<br \/>\nMaterial: A\u00e7o<br \/>\nCor: Preto<br \/>\nCaracter\u00edsticas: Para bancadas; prote\u00e7\u00e3o contra ferrugem<br \/>\nItens inclusos: 1 saboneteira<br \/>\nDimens\u00f5es do produto (A x L x P): 3 x 9,5 x 13 cm<\/span><\/p>\n","protected":false},"featured_media":0,"template":"","meta":{"_joinchat":[]},"product_brand":[],"product_cat":[66],"product_tag":[],"class_list":{"0":"post-28292","1":"product","2":"type-product","3":"status-publish","5":"product_cat-metais-basicos","7":"first","8":"outofstock","9":"shipping-taxable","10":"product-type-simple"},"_links":{"self":[{"href":"https:\/\/www.multicasa.com.br\/inicio\/wp-json\/wp\/v2\/product\/28292","targetHints":{"allow":["GET"]}}],"collection":[{"href":"https:\/\/www.multicasa.com.br\/inicio\/wp-json\/wp\/v2\/product"}],"about":[{"href":"https:\/\/www.multicasa.com.br\/inicio\/wp-json\/wp\/v2\/types\/product"}],"wp:attachment":[{"href":"https:\/\/www.multicasa.com.br\/inicio\/wp-json\/wp\/v2\/media?parent=28292"}],"wp:term":[{"taxonomy":"product_brand","embeddable":true,"href":"https:\/\/www.multicasa.com.br\/inicio\/wp-json\/wp\/v2\/product_brand?post=28292"},{"taxonomy":"product_cat","embeddable":true,"href":"https:\/\/www.multicasa.com.br\/inicio\/wp-json\/wp\/v2\/product_cat?post=28292"},{"taxonomy":"product_tag","embeddable":true,"href":"https:\/\/www.multicasa.com.br\/inicio\/wp-json\/wp\/v2\/product_tag?post=28292"}],"curies":[{"name":"wp","href":"https:\/\/api.w.org\/{rel}","templated":true}]}}