{"id":28294,"date":"2025-09-22T05:01:37","date_gmt":"2025-09-22T09:01:37","guid":{"rendered":"https:\/\/www.multicasa.com.br\/inicio\/produto\/argamassa-multiuso-overcoll-20kg-branca\/"},"modified":"2025-10-31T10:53:34","modified_gmt":"2025-10-31T14:53:34","slug":"argamassa-multiuso-overcoll-20kg-branca","status":"publish","type":"product","link":"https:\/\/www.multicasa.com.br\/inicio\/produto\/argamassa-multiuso-overcoll-20kg-branca\/","title":{"rendered":"Argamassa Multiuso Overcoll 20KG Branca"},"content":{"rendered":"<p>Assentamento de pisos e revestimento em pastilhas e mosaicos, Assentamento em pisos e revestimentos cer\u00e2micos, Assentamento em pisos e revestimentos de m\u00e1rmore e Assentamento em pisos e revestimentos porcelanato<\/p>\n","protected":false},"excerpt":{"rendered":"<h4 style=\"margin: 0px;padding: 0px 0px 16px;font-family: Lato, sans-serif;font-weight: bold;line-height: 3rem;color: var(--dark-grey3);font-size: 22px;font-style: normal;letter-spacing: normal;text-align: start;text-indent: 0px;text-transform: none\">Informa\u00e7\u00f5es t\u00e9cnicas<\/h4>\n<p><span style=\"margin: 0px;padding: 0px;font-weight: 450;font-size: 14px;line-height: 21px;color: var(--dark-grey2);font-family: Lato, sans-serif;font-style: normal;letter-spacing: normal;text-align: start;text-indent: 0px;text-transform: none\">Cor: Branco<br \/>\nLinha: Overcoll<br \/>\nMarca: Fortaleza<br \/>\nLocal(is) Indicado(s): Cozinhas, Banheiros e \u00c1reas Molhadas, Garagem, Parede, Piscina, Piso, Quintal e Varanda, Sauna e \u00c1reas Secas<br \/>\nInforma\u00e7\u00f5es do Rendimento\tAplica\u00e7\u00e3o na base: 6 kg\/m\u00b2 e aplica\u00e7\u00e3o na base e no verso: 8,5 kg\/m\u00b2<br \/>\nRendimento em pe\u00e7as at\u00e9 30x30cm (camada simples)\t6 Kg\/m\u00b2<br \/>\nRendimento em pe\u00e7as acima de 30x30cm (camada dupla)\t8 Kg\/m\u00b2<br \/>\nTempo de Secagem: 4 h<br \/>\nPrazo de Validade na Embalagem: 18 meses<br \/>\nTipo de Embalagem: Saco<br \/>\nPeso do Produto na Embalagem: 20,00 Kg<\/span><\/p>\n","protected":false},"featured_media":0,"template":"","meta":{"_joinchat":[]},"product_brand":[],"product_cat":[147],"product_tag":[],"class_list":{"0":"post-28294","1":"product","2":"type-product","3":"status-publish","5":"product_cat-basicos","7":"first","8":"outofstock","9":"shipping-taxable","10":"product-type-simple"},"_links":{"self":[{"href":"https:\/\/www.multicasa.com.br\/inicio\/wp-json\/wp\/v2\/product\/28294","targetHints":{"allow":["GET"]}}],"collection":[{"href":"https:\/\/www.multicasa.com.br\/inicio\/wp-json\/wp\/v2\/product"}],"about":[{"href":"https:\/\/www.multicasa.com.br\/inicio\/wp-json\/wp\/v2\/types\/product"}],"wp:attachment":[{"href":"https:\/\/www.multicasa.com.br\/inicio\/wp-json\/wp\/v2\/media?parent=28294"}],"wp:term":[{"taxonomy":"product_brand","embeddable":true,"href":"https:\/\/www.multicasa.com.br\/inicio\/wp-json\/wp\/v2\/product_brand?post=28294"},{"taxonomy":"product_cat","embeddable":true,"href":"https:\/\/www.multicasa.com.br\/inicio\/wp-json\/wp\/v2\/product_cat?post=28294"},{"taxonomy":"product_tag","embeddable":true,"href":"https:\/\/www.multicasa.com.br\/inicio\/wp-json\/wp\/v2\/product_tag?post=28294"}],"curies":[{"name":"wp","href":"https:\/\/api.w.org\/{rel}","templated":true}]}}