{"id":28332,"date":"2025-10-31T10:22:18","date_gmt":"2025-10-31T14:22:18","guid":{"rendered":"https:\/\/www.multicasa.com.br\/inicio\/produto\/barra-roscavel-zincada-1-4-1m\/"},"modified":"2025-10-31T10:22:18","modified_gmt":"2025-10-31T14:22:18","slug":"barra-roscavel-zincada-1-4-1m","status":"publish","type":"product","link":"https:\/\/www.multicasa.com.br\/inicio\/produto\/barra-roscavel-zincada-1-4-1m\/","title":{"rendered":"BARRA ROSCAVEL ZINCADA 1\/4 1M"},"content":{"rendered":"<p>Destinadas para uso mec\u00e2nico e na montagem de estruturas para instala\u00e7\u00f5es el\u00e9tricas industriais, instala\u00e7\u00f5es de dutos de refrigera\u00e7\u00e3o, rebaixos de tetos falsos em instala\u00e7\u00f5es comerciais, etc.<\/p>\n","protected":false},"excerpt":{"rendered":"<h4 style=\"margin: 0px;padding: 0px 0px 16px;font-family: Lato, sans-serif;font-weight: bold;line-height: 3rem;color: var(--dark-grey3);font-size: 22px;font-style: normal;letter-spacing: normal;text-align: start;text-indent: 0px;text-transform: none\">Informa\u00e7\u00f5es t\u00e9cnicas<\/h4>\n<p><span style=\"margin: 0px;padding: 0px;font-weight: 450;font-size: 14px;line-height: 21px;color: var(--dark-grey2);font-family: Lato, sans-serif;font-style: normal;letter-spacing: normal;text-align: start;text-indent: 0px;text-transform: none\">:: Acabamento: Zincado Branco<br \/>\n:: Rosca x Passo de Rosca: 1\/4 x 20<br \/>\n:: Comprimento: 1 metro<br \/>\n:: Material: A\u00e7o Baixo Carbono<br \/>\n:: Modelo: Barra Rosqueada<br \/>\n:: Classe Resist\u00eancia: Grau 2 \/ Classe 5.8<br \/>\n<\/span><\/p>\n","protected":false},"featured_media":0,"template":"","meta":{"_joinchat":[]},"product_brand":[],"product_cat":[135],"product_tag":[],"class_list":{"0":"post-28332","1":"product","2":"type-product","3":"status-publish","5":"product_cat-parafusos-e-buchas","7":"first","8":"outofstock","9":"shipping-taxable","10":"product-type-simple"},"_links":{"self":[{"href":"https:\/\/www.multicasa.com.br\/inicio\/wp-json\/wp\/v2\/product\/28332","targetHints":{"allow":["GET"]}}],"collection":[{"href":"https:\/\/www.multicasa.com.br\/inicio\/wp-json\/wp\/v2\/product"}],"about":[{"href":"https:\/\/www.multicasa.com.br\/inicio\/wp-json\/wp\/v2\/types\/product"}],"wp:attachment":[{"href":"https:\/\/www.multicasa.com.br\/inicio\/wp-json\/wp\/v2\/media?parent=28332"}],"wp:term":[{"taxonomy":"product_brand","embeddable":true,"href":"https:\/\/www.multicasa.com.br\/inicio\/wp-json\/wp\/v2\/product_brand?post=28332"},{"taxonomy":"product_cat","embeddable":true,"href":"https:\/\/www.multicasa.com.br\/inicio\/wp-json\/wp\/v2\/product_cat?post=28332"},{"taxonomy":"product_tag","embeddable":true,"href":"https:\/\/www.multicasa.com.br\/inicio\/wp-json\/wp\/v2\/product_tag?post=28332"}],"curies":[{"name":"wp","href":"https:\/\/api.w.org\/{rel}","templated":true}]}}