{"id":28334,"date":"2025-10-31T10:27:24","date_gmt":"2025-10-31T14:27:24","guid":{"rendered":"https:\/\/www.multicasa.com.br\/inicio\/produto\/aquecedor-de-ar-portatil-branco-mondial-1500w-127v\/"},"modified":"2025-10-31T10:27:24","modified_gmt":"2025-10-31T14:27:24","slug":"aquecedor-de-ar-portatil-branco-mondial-1500w-127v","status":"publish","type":"product","link":"https:\/\/www.multicasa.com.br\/inicio\/produto\/aquecedor-de-ar-portatil-branco-mondial-1500w-127v\/","title":{"rendered":"Aquecedor de Ar Port\u00e1til Branco Mondial 1500W &#8211; 127V"},"content":{"rendered":"<p>Use o Aquecedor de Ar Mondial para manter sua casa e fam\u00edlia aquecidos. Com fun\u00e7\u00e3o tamb\u00e9m de desumidificador de ar, \u00e9 produzido em pp, possui aquecimento por termoventila\u00e7\u00e3o e controle de temperatura por termostato para ajuste gradual seguro e pr\u00e1tico. Port\u00e1til, possui al\u00e7a para transporte para utilizar em qualquer ambiente da casa e triplo sistema de seguran\u00e7a para evitar superaquecimento. Com alimenta\u00e7\u00e3o de 127v e 1500w de pot\u00eancia, possui 2 n\u00edveis de pot\u00eancia para aquecimento e n\u00edvel de ventila\u00e7\u00e3o, possui l\u00e2mpada piloto, baixo n\u00edvel de ru\u00eddo e consumo de 1,5kw\/h. Ideal para uso em \u00e1reas dom\u00e9sticas ou profissionais.<\/p>\n","protected":false},"excerpt":{"rendered":"<h4 style=\"margin: 0px;padding: 0px 0px 16px;font-family: Lato, sans-serif;font-weight: bold;line-height: 3rem;color: var(--dark-grey3);font-size: 22px;font-style: normal;letter-spacing: normal;text-align: start;text-indent: 0px;text-transform: none\">Informa\u00e7\u00f5es t\u00e9cnicas<\/h4>\n<p><span style=\"margin: 0px;padding: 0px;font-weight: 450;font-size: 14px;line-height: 21px;color: var(--dark-grey2);font-family: Lato, sans-serif;font-style: normal;letter-spacing: normal;text-align: start;text-indent: 0px;text-transform: none\">Produto: Aquecedor de Ar Port\u00e1til<br \/>\nMarca: Mondial<br \/>\nMaterial: PP<br \/>\nCor: Branco<br \/>\nPot\u00eancia: 1500w<br \/>\nPot\u00eancia de consumo: 1,5kw\/h<br \/>\nTens\u00e3o el\u00e9trica: 127v<br \/>\nCaracter\u00edsticas: 2 N\u00edveis de ventila\u00e7\u00e3o para aquecimento<br \/>\n1 N\u00edvel de ventila\u00e7\u00e3o<br \/>\nCom termostato para controle de temperatura<br \/>\nCom al\u00e7a para locomo\u00e7\u00e3o<br \/>\nTriplo sistema de seguran\u00e7a<br \/>\nL\u00e2mpada Piloto<br \/>\nAquecedor e desumidificador de ar<br \/>\nAquecimento por termoventila\u00e7\u00e3o<br \/>\nItens Inclusos: 1 Aquecedor de ar port\u00e1til<br \/>\nDimens\u00f5es do produto (A X L X P): 13,3 x 26,4 x 22cm<br \/>\nGarantia: 36 meses pelo fornecedor<br \/>\n<\/span><\/p>\n","protected":false},"featured_media":0,"template":"","meta":{"_joinchat":[]},"product_brand":[],"product_cat":[165],"product_tag":[],"class_list":{"0":"post-28334","1":"product","2":"type-product","3":"status-publish","5":"product_cat-aquecedores-de-ambiente","7":"first","8":"outofstock","9":"shipping-taxable","10":"product-type-simple"},"_links":{"self":[{"href":"https:\/\/www.multicasa.com.br\/inicio\/wp-json\/wp\/v2\/product\/28334","targetHints":{"allow":["GET"]}}],"collection":[{"href":"https:\/\/www.multicasa.com.br\/inicio\/wp-json\/wp\/v2\/product"}],"about":[{"href":"https:\/\/www.multicasa.com.br\/inicio\/wp-json\/wp\/v2\/types\/product"}],"wp:attachment":[{"href":"https:\/\/www.multicasa.com.br\/inicio\/wp-json\/wp\/v2\/media?parent=28334"}],"wp:term":[{"taxonomy":"product_brand","embeddable":true,"href":"https:\/\/www.multicasa.com.br\/inicio\/wp-json\/wp\/v2\/product_brand?post=28334"},{"taxonomy":"product_cat","embeddable":true,"href":"https:\/\/www.multicasa.com.br\/inicio\/wp-json\/wp\/v2\/product_cat?post=28334"},{"taxonomy":"product_tag","embeddable":true,"href":"https:\/\/www.multicasa.com.br\/inicio\/wp-json\/wp\/v2\/product_tag?post=28334"}],"curies":[{"name":"wp","href":"https:\/\/api.w.org\/{rel}","templated":true}]}}