{"id":28335,"date":"2025-10-31T10:27:25","date_gmt":"2025-10-31T14:27:25","guid":{"rendered":"https:\/\/www.multicasa.com.br\/inicio\/produto\/colher-de-sobremesa-em-inox-com-cabo-de-madeira-tramontina\/"},"modified":"2026-03-09T10:21:07","modified_gmt":"2026-03-09T14:21:07","slug":"colher-de-sobremesa-em-inox-com-cabo-de-madeira-tramontina","status":"publish","type":"product","link":"https:\/\/www.multicasa.com.br\/inicio\/produto\/colher-de-sobremesa-em-inox-com-cabo-de-madeira-tramontina\/","title":{"rendered":"Colher de Sobremesa em Inox com Cabo de Madeira Tramontina"},"content":{"rendered":"<p>Leve qualidade para a hora da sobremesa com a Colher de Mesa da Tramontina. Feita de inox, tem a espessura que garante resist\u00eancia e evita deforma\u00e7\u00f5es. O tratamento t\u00e9rmico confere durabilidade e o cabo de madeira tratada Polywood fixado com rebites de alum\u00ednio garante a pega confort\u00e1vel. Tem 17cm e permanece bonito mesmo com o uso intenso. Pode ir a lava-lou\u00e7as normalmente. Deixe suas refei\u00e7\u00f5es ainda mais elegantes.<\/p>\n","protected":false},"excerpt":{"rendered":"<h4 style=\"margin: 0px;padding: 0px 0px 16px;font-family: Lato, sans-serif;font-weight: bold;line-height: 3rem;color: var(--dark-grey3);font-size: 22px;font-style: normal;letter-spacing: normal;text-align: start;text-indent: 0px;text-transform: none\">Informa\u00e7\u00f5es t\u00e9cnicas<\/h4>\n<p><span style=\"margin: 0px;padding: 0px;font-weight: 450;font-size: 14px;line-height: 21px;color: var(--dark-grey2);font-family: Lato, sans-serif;font-style: normal;letter-spacing: normal;text-align: start;text-indent: 0px;text-transform: none\">Produto: Colher de sobremesa<br \/>\nMarca: Tramontina<br \/>\nMaterial: A\u00e7o inox e cabo de madeira<br \/>\nCor: marrom, prata<br \/>\nItens Inclusos: 1 Colher de Sobremesa<br \/>\nDimens\u00f5es do produto: 17cm<\/span><\/p>\n","protected":false},"featured_media":0,"template":"","meta":{"_joinchat":[]},"product_brand":[],"product_cat":[93],"product_tag":[],"class_list":{"0":"post-28335","1":"product","2":"type-product","3":"status-publish","5":"product_cat-utensilios-para-cozinha","7":"first","8":"outofstock","9":"shipping-taxable","10":"purchasable","11":"product-type-simple"},"_links":{"self":[{"href":"https:\/\/www.multicasa.com.br\/inicio\/wp-json\/wp\/v2\/product\/28335","targetHints":{"allow":["GET"]}}],"collection":[{"href":"https:\/\/www.multicasa.com.br\/inicio\/wp-json\/wp\/v2\/product"}],"about":[{"href":"https:\/\/www.multicasa.com.br\/inicio\/wp-json\/wp\/v2\/types\/product"}],"wp:attachment":[{"href":"https:\/\/www.multicasa.com.br\/inicio\/wp-json\/wp\/v2\/media?parent=28335"}],"wp:term":[{"taxonomy":"product_brand","embeddable":true,"href":"https:\/\/www.multicasa.com.br\/inicio\/wp-json\/wp\/v2\/product_brand?post=28335"},{"taxonomy":"product_cat","embeddable":true,"href":"https:\/\/www.multicasa.com.br\/inicio\/wp-json\/wp\/v2\/product_cat?post=28335"},{"taxonomy":"product_tag","embeddable":true,"href":"https:\/\/www.multicasa.com.br\/inicio\/wp-json\/wp\/v2\/product_tag?post=28335"}],"curies":[{"name":"wp","href":"https:\/\/api.w.org\/{rel}","templated":true}]}}