{"id":28337,"date":"2025-10-31T10:28:04","date_gmt":"2025-10-31T14:28:04","guid":{"rendered":"https:\/\/www.multicasa.com.br\/inicio\/produto\/aquecedor-halogeno-comfort-air-branco-mondial-800w-127v\/"},"modified":"2026-04-18T10:20:13","modified_gmt":"2026-04-18T14:20:13","slug":"aquecedor-halogeno-comfort-air-branco-mondial-800w-127v","status":"publish","type":"product","link":"https:\/\/www.multicasa.com.br\/inicio\/produto\/aquecedor-halogeno-comfort-air-branco-mondial-800w-127v\/","title":{"rendered":"Aquecedor Hal\u00f3geno Comfort Air Branco Mondial 800W &#8211; 127V"},"content":{"rendered":"<p>Use o Aquecedor de Ar Hal\u00f3geno Comfort Air Mondial para manter sua casa e fam\u00edlia aquecidos. Feito de pp e metal, possui 800w de pot\u00eancia e 127v de alimenta\u00e7\u00e3o. Com 3 l\u00e2mpadas hal\u00f3genas, \u00e9 seguro porque conta com sistema de seguran\u00e7a que desliga o aparelho em caso de queda, 2 n\u00edveis de aquecimento (400 e 800w) e al\u00e7a que facilita o transporte. Seu consumo \u00e9 de 0,8kw\/h, design compacto para armazenar ideal para usar em quartos, salas, escrit\u00f3rios e cozinha.<\/p>\n","protected":false},"excerpt":{"rendered":"<h4 style=\"margin: 0px;padding: 0px 0px 16px;font-family: Lato, sans-serif;font-weight: bold;line-height: 3rem;color: var(--dark-grey3);font-size: 22px;font-style: normal;letter-spacing: normal;text-align: start;text-indent: 0px;text-transform: none\">Informa\u00e7\u00f5es t\u00e9cnicas<\/h4>\n<p><span style=\"margin: 0px;padding: 0px;font-weight: 450;font-size: 14px;line-height: 21px;color: var(--dark-grey2);font-family: Lato, sans-serif;font-style: normal;letter-spacing: normal;text-align: start;text-indent: 0px;text-transform: none\">Produto: Aquecedor de Ar Hal\u00f3geno<br \/>\nMarca: Mondial<br \/>\nMaterial: PP<br \/>\nMetal<br \/>\nCor: Branco<br \/>\nPot\u00eancia: 800w<br \/>\nTens\u00e3o el\u00e9trica: 127v<br \/>\nCaracter\u00edsticas: 3 L\u00e2mpadas hal\u00f3genas<br \/>\nSistema antiqueda<br \/>\n2 N\u00edveis de aquecimento (400 e 800w)<br \/>\nAl\u00e7a para transporte<br \/>\nConsumo de 0,8kw\/h<br \/>\nDesign compacto para armazenar<br \/>\nItens Inclusos: 1 aquecedor, 1 manual de assist\u00eancia e 1 manual de instru\u00e7\u00f5es<br \/>\nDimens\u00f5es do produto (A X L X P): 36,5 x 19,5 x 13,5cm<br \/>\nGarantia: 12 meses pelo fornecedor<br \/>\n<\/span><\/p>\n","protected":false},"featured_media":0,"template":"","meta":{"_joinchat":[]},"product_brand":[],"product_cat":[165],"product_tag":[],"class_list":{"0":"post-28337","1":"product","2":"type-product","3":"status-publish","5":"product_cat-aquecedores-de-ambiente","7":"first","8":"outofstock","9":"shipping-taxable","10":"purchasable","11":"product-type-simple"},"_links":{"self":[{"href":"https:\/\/www.multicasa.com.br\/inicio\/wp-json\/wp\/v2\/product\/28337","targetHints":{"allow":["GET"]}}],"collection":[{"href":"https:\/\/www.multicasa.com.br\/inicio\/wp-json\/wp\/v2\/product"}],"about":[{"href":"https:\/\/www.multicasa.com.br\/inicio\/wp-json\/wp\/v2\/types\/product"}],"wp:attachment":[{"href":"https:\/\/www.multicasa.com.br\/inicio\/wp-json\/wp\/v2\/media?parent=28337"}],"wp:term":[{"taxonomy":"product_brand","embeddable":true,"href":"https:\/\/www.multicasa.com.br\/inicio\/wp-json\/wp\/v2\/product_brand?post=28337"},{"taxonomy":"product_cat","embeddable":true,"href":"https:\/\/www.multicasa.com.br\/inicio\/wp-json\/wp\/v2\/product_cat?post=28337"},{"taxonomy":"product_tag","embeddable":true,"href":"https:\/\/www.multicasa.com.br\/inicio\/wp-json\/wp\/v2\/product_tag?post=28337"}],"curies":[{"name":"wp","href":"https:\/\/api.w.org\/{rel}","templated":true}]}}