{"id":28338,"date":"2025-10-31T10:32:10","date_gmt":"2025-10-31T14:32:10","guid":{"rendered":"https:\/\/www.multicasa.com.br\/inicio\/produto\/organizador-multiuso-tnt-com-ziper-branco-praticita-55x45x25cm\/"},"modified":"2025-10-31T10:32:10","modified_gmt":"2025-10-31T14:32:10","slug":"organizador-multiuso-tnt-com-ziper-branco-praticita-55x45x25cm","status":"publish","type":"product","link":"https:\/\/www.multicasa.com.br\/inicio\/produto\/organizador-multiuso-tnt-com-ziper-branco-praticita-55x45x25cm\/","title":{"rendered":"Organizador Multiuso TNT com Z\u00edper Branco Praticita 55x45x25cm"},"content":{"rendered":"<p>O Organizador Multiuso Praticita \u00e9 um protetor smart, ideal para organizar suas prateleiras e guarda roupas. Confeccionado em TNT branco, possui visor em pl\u00e1stico transparente que facilita a visualiza\u00e7\u00e3o e fechamento em z\u00edper. O protetor tem o tamanho de 55 x 45 x 25cm, evita a bagun\u00e7a, protege as roupas da poeira e \u00e9 perfeito para guardar jogos de cama, mesa e banho, edredons de casal, travesseiros e etc.<br \/>\nOtimize os espa\u00e7os na sua casa e guarde suas roupas com seguran\u00e7a e prote\u00e7\u00e3o!<\/p>\n","protected":false},"excerpt":{"rendered":"<h4 style=\"margin: 0px;padding: 0px 0px 16px;font-family: Lato, sans-serif;font-weight: bold;line-height: 3rem;color: var(--dark-grey3);font-size: 22px;font-style: normal;letter-spacing: normal;text-align: start;text-indent: 0px;text-transform: none\">Informa\u00e7\u00f5es t\u00e9cnicas<\/h4>\n<p><span style=\"margin: 0px;padding: 0px;font-weight: 450;font-size: 14px;line-height: 21px;color: var(--dark-grey2);font-family: Lato, sans-serif;font-style: normal;letter-spacing: normal;text-align: start;text-indent: 0px;text-transform: none\">Produto: Organizador multiuso<br \/>\nMarca: Praticita<br \/>\nMaterial: TNT<br \/>\nPl\u00e1stico<br \/>\nCor: Branco<br \/>\nCaracter\u00edsticas: Fechamento com z\u00edper<br \/>\nItens Inclusos: 1 Organizador multiuso<br \/>\nDimens\u00f5es do produto (A x L x P): 25 x 55 x 45cm<br \/>\n<\/span><\/p>\n","protected":false},"featured_media":0,"template":"","meta":{"_joinchat":[]},"product_brand":[],"product_cat":[98],"product_tag":[],"class_list":{"0":"post-28338","1":"product","2":"type-product","3":"status-publish","5":"product_cat-organizadores","7":"first","8":"outofstock","9":"shipping-taxable","10":"product-type-simple"},"_links":{"self":[{"href":"https:\/\/www.multicasa.com.br\/inicio\/wp-json\/wp\/v2\/product\/28338","targetHints":{"allow":["GET"]}}],"collection":[{"href":"https:\/\/www.multicasa.com.br\/inicio\/wp-json\/wp\/v2\/product"}],"about":[{"href":"https:\/\/www.multicasa.com.br\/inicio\/wp-json\/wp\/v2\/types\/product"}],"wp:attachment":[{"href":"https:\/\/www.multicasa.com.br\/inicio\/wp-json\/wp\/v2\/media?parent=28338"}],"wp:term":[{"taxonomy":"product_brand","embeddable":true,"href":"https:\/\/www.multicasa.com.br\/inicio\/wp-json\/wp\/v2\/product_brand?post=28338"},{"taxonomy":"product_cat","embeddable":true,"href":"https:\/\/www.multicasa.com.br\/inicio\/wp-json\/wp\/v2\/product_cat?post=28338"},{"taxonomy":"product_tag","embeddable":true,"href":"https:\/\/www.multicasa.com.br\/inicio\/wp-json\/wp\/v2\/product_tag?post=28338"}],"curies":[{"name":"wp","href":"https:\/\/api.w.org\/{rel}","templated":true}]}}