{"id":28339,"date":"2025-10-31T10:32:37","date_gmt":"2025-10-31T14:32:37","guid":{"rendered":"https:\/\/www.multicasa.com.br\/inicio\/produto\/timer-para-cozimento-de-ovos-mimo\/"},"modified":"2026-04-14T16:50:20","modified_gmt":"2026-04-14T20:50:20","slug":"timer-para-cozimento-de-ovos-mimo","status":"publish","type":"product","link":"https:\/\/www.multicasa.com.br\/inicio\/produto\/timer-para-cozimento-de-ovos-mimo\/","title":{"rendered":"Timer para Cozimento de Ovos Mimo"},"content":{"rendered":"<p>Nunca mais fique na d\u00favida sobre o ponto do ovo cozido. Com o Timer para Cozimento de Ovos da Mimo voc\u00ea pode monitorar o ponto do cozimento de acordo com a configura\u00e7\u00e3o do monitor que apresenta 3 indica\u00e7\u00f5es: mole, m\u00e9dio ou duro. Simples de usar, \u00e9 s\u00f3 colocar na panela junto com seus ovos e, conforme a temperatura da \u00e1gua subir, o timer vai apontar a consist\u00eancia do alimento. Item essencial para quem quer mais praticidade na cozinha.<\/p>\n","protected":false},"excerpt":{"rendered":"<h4 style=\"margin: 0px;padding: 0px 0px 16px;font-family: Lato, sans-serif;font-weight: bold;line-height: 3rem;color: var(--dark-grey3);font-size: 22px;font-style: normal;letter-spacing: normal;text-align: start;text-indent: 0px;text-transform: none\">Informa\u00e7\u00f5es t\u00e9cnicas<\/h4>\n<p><span style=\"margin: 0px;padding: 0px;font-weight: 450;font-size: 14px;line-height: 21px;color: var(--dark-grey2);font-family: Lato, sans-serif;font-style: normal;letter-spacing: normal;text-align: start;text-indent: 0px;text-transform: none\">Produto: Timer para ovo<br \/>\nMarca: Mimo<br \/>\nMaterial: Resina<br \/>\nCor: Vermelho<br \/>\nCaracter\u00edsticas: 3 pontos de cozimento<br \/>\nItens inclusos: 1 timer<br \/>\nDimens\u00f5es do produto (A X L x C): 4 x 3,5 x 5,7 cm<\/span><\/p>\n","protected":false},"featured_media":0,"template":"","meta":{"_joinchat":[]},"product_brand":[],"product_cat":[93],"product_tag":[],"class_list":{"0":"post-28339","1":"product","2":"type-product","3":"status-publish","5":"product_cat-utensilios-para-cozinha","7":"first","8":"outofstock","9":"shipping-taxable","10":"purchasable","11":"product-type-simple"},"_links":{"self":[{"href":"https:\/\/www.multicasa.com.br\/inicio\/wp-json\/wp\/v2\/product\/28339","targetHints":{"allow":["GET"]}}],"collection":[{"href":"https:\/\/www.multicasa.com.br\/inicio\/wp-json\/wp\/v2\/product"}],"about":[{"href":"https:\/\/www.multicasa.com.br\/inicio\/wp-json\/wp\/v2\/types\/product"}],"wp:attachment":[{"href":"https:\/\/www.multicasa.com.br\/inicio\/wp-json\/wp\/v2\/media?parent=28339"}],"wp:term":[{"taxonomy":"product_brand","embeddable":true,"href":"https:\/\/www.multicasa.com.br\/inicio\/wp-json\/wp\/v2\/product_brand?post=28339"},{"taxonomy":"product_cat","embeddable":true,"href":"https:\/\/www.multicasa.com.br\/inicio\/wp-json\/wp\/v2\/product_cat?post=28339"},{"taxonomy":"product_tag","embeddable":true,"href":"https:\/\/www.multicasa.com.br\/inicio\/wp-json\/wp\/v2\/product_tag?post=28339"}],"curies":[{"name":"wp","href":"https:\/\/api.w.org\/{rel}","templated":true}]}}