{"id":28340,"date":"2025-10-31T10:32:55","date_gmt":"2025-10-31T14:32:55","guid":{"rendered":"https:\/\/www.multicasa.com.br\/inicio\/produto\/kit-com-4-espatulas-para-pate-em-inox-mimo\/"},"modified":"2026-04-16T10:10:18","modified_gmt":"2026-04-16T14:10:18","slug":"kit-com-4-espatulas-para-pate-em-inox-mimo","status":"publish","type":"product","link":"https:\/\/www.multicasa.com.br\/inicio\/produto\/kit-com-4-espatulas-para-pate-em-inox-mimo\/","title":{"rendered":"Kit com 4 Esp\u00e1tulas para Pat\u00ea em Inox Mimo"},"content":{"rendered":"<p>O Kit com 4 esp\u00e1tulas para pat\u00ea Ke Home deixar\u00e1 sua mesa muito mais bonita e funcional, ideal para passar manteiga, pat\u00ea, requeij\u00e3o e gel\u00e9ias, o jogo de esp\u00e1tulas conta com 4 unidades que possuem l\u00e2minas arredondadas, feitas em a\u00e7o inox de alt\u00edssima qualidade e comm cabo de madeira, s\u00e3o indicadas coletar e espalhar a pasta de forma r\u00e1pida e eficiente. Indispens\u00e1vel para a mesa de pestiscos e do caf\u00e9!<\/p>\n","protected":false},"excerpt":{"rendered":"<h4 style=\"margin: 0px;padding: 0px 0px 16px;font-family: Lato, sans-serif;font-weight: bold;line-height: 3rem;color: var(--dark-grey3);font-size: 22px;font-style: normal;letter-spacing: normal;text-align: start;text-indent: 0px;text-transform: none\">Informa\u00e7\u00f5es t\u00e9cnicas<\/h4>\n<p><span style=\"margin: 0px;padding: 0px;font-weight: 450;font-size: 14px;line-height: 21px;color: var(--dark-grey2);font-family: Lato, sans-serif;font-style: normal;letter-spacing: normal;text-align: start;text-indent: 0px;text-transform: none\">Produto: Esp\u00e1tulas arredondadas<br \/>\nMarca: Mimo<br \/>\nMaterial: A\u00e7o Inox; cabo de madeira<br \/>\nCor: Prata; natural<br \/>\nQuantidade de pe\u00e7as: 4<br \/>\nItens Inclusos: 4 esp\u00e1tulas<br \/>\nDimens\u00f5es do produto (A x L x P): 20 x 9,5 x1cm<\/span><\/p>\n","protected":false},"featured_media":0,"template":"","meta":{"_joinchat":[]},"product_brand":[],"product_cat":[93],"product_tag":[],"class_list":{"0":"post-28340","1":"product","2":"type-product","3":"status-publish","5":"product_cat-utensilios-para-cozinha","7":"first","8":"instock","9":"shipping-taxable","10":"purchasable","11":"product-type-simple"},"_links":{"self":[{"href":"https:\/\/www.multicasa.com.br\/inicio\/wp-json\/wp\/v2\/product\/28340","targetHints":{"allow":["GET"]}}],"collection":[{"href":"https:\/\/www.multicasa.com.br\/inicio\/wp-json\/wp\/v2\/product"}],"about":[{"href":"https:\/\/www.multicasa.com.br\/inicio\/wp-json\/wp\/v2\/types\/product"}],"wp:attachment":[{"href":"https:\/\/www.multicasa.com.br\/inicio\/wp-json\/wp\/v2\/media?parent=28340"}],"wp:term":[{"taxonomy":"product_brand","embeddable":true,"href":"https:\/\/www.multicasa.com.br\/inicio\/wp-json\/wp\/v2\/product_brand?post=28340"},{"taxonomy":"product_cat","embeddable":true,"href":"https:\/\/www.multicasa.com.br\/inicio\/wp-json\/wp\/v2\/product_cat?post=28340"},{"taxonomy":"product_tag","embeddable":true,"href":"https:\/\/www.multicasa.com.br\/inicio\/wp-json\/wp\/v2\/product_tag?post=28340"}],"curies":[{"name":"wp","href":"https:\/\/api.w.org\/{rel}","templated":true}]}}