{"id":28348,"date":"2025-10-31T10:53:47","date_gmt":"2025-10-31T14:53:47","guid":{"rendered":"https:\/\/www.multicasa.com.br\/inicio\/produto\/reducao-n46-p-reparos-de-registro-ct1-blukit\/"},"modified":"2025-10-31T10:53:47","modified_gmt":"2025-10-31T14:53:47","slug":"reducao-n46-p-reparos-de-registro-ct1-blukit","status":"publish","type":"product","link":"https:\/\/www.multicasa.com.br\/inicio\/produto\/reducao-n46-p-reparos-de-registro-ct1-blukit\/","title":{"rendered":"Redu\u00e7\u00e3o N\u00b046 p\/ Reparos de Registro CT1 Blukit"},"content":{"rendered":"<p>Redu\u00e7\u00e3o N\u00b046 p\/ Reparos de Registro CT1 Blukit<\/p>\n","protected":false},"excerpt":{"rendered":"<h4 style=\"margin: 0px;padding: 0px 0px 16px;font-family: Lato, sans-serif;font-weight: bold;line-height: 3rem;color: var(--dark-grey3);font-size: 22px;font-style: normal;letter-spacing: normal;text-align: start;text-indent: 0px;text-transform: none\">Informa\u00e7\u00f5es t\u00e9cnicas<\/h4>\n<p><span style=\"margin: 0px;padding: 0px;font-weight: 450;font-size: 14px;line-height: 21px;color: var(--dark-grey2);font-family: Lato, sans-serif;font-style: normal;letter-spacing: normal;text-align: start;text-indent: 0px;text-transform: none\">Redu\u00e7\u00e3o met\u00e1lica N\u00b046 para uso em reparos de registro modelo CT1, marca Blukit.<\/span><\/p>\n","protected":false},"featured_media":0,"template":"","meta":{"_joinchat":[]},"product_brand":[],"product_cat":[69],"product_tag":[],"class_list":{"0":"post-28348","1":"product","2":"type-product","3":"status-publish","5":"product_cat-acessorios-para-banheiro","7":"first","8":"outofstock","9":"shipping-taxable","10":"product-type-simple"},"_links":{"self":[{"href":"https:\/\/www.multicasa.com.br\/inicio\/wp-json\/wp\/v2\/product\/28348","targetHints":{"allow":["GET"]}}],"collection":[{"href":"https:\/\/www.multicasa.com.br\/inicio\/wp-json\/wp\/v2\/product"}],"about":[{"href":"https:\/\/www.multicasa.com.br\/inicio\/wp-json\/wp\/v2\/types\/product"}],"wp:attachment":[{"href":"https:\/\/www.multicasa.com.br\/inicio\/wp-json\/wp\/v2\/media?parent=28348"}],"wp:term":[{"taxonomy":"product_brand","embeddable":true,"href":"https:\/\/www.multicasa.com.br\/inicio\/wp-json\/wp\/v2\/product_brand?post=28348"},{"taxonomy":"product_cat","embeddable":true,"href":"https:\/\/www.multicasa.com.br\/inicio\/wp-json\/wp\/v2\/product_cat?post=28348"},{"taxonomy":"product_tag","embeddable":true,"href":"https:\/\/www.multicasa.com.br\/inicio\/wp-json\/wp\/v2\/product_tag?post=28348"}],"curies":[{"name":"wp","href":"https:\/\/api.w.org\/{rel}","templated":true}]}}