{"id":28458,"date":"2025-10-31T11:03:04","date_gmt":"2025-10-31T15:03:04","guid":{"rendered":"https:\/\/www.multicasa.com.br\/inicio\/produto\/aquecedor-eletrico-inox-vertical-200l-220v\/"},"modified":"2025-10-31T11:03:04","modified_gmt":"2025-10-31T15:03:04","slug":"aquecedor-eletrico-inox-vertical-200l-220v","status":"publish","type":"product","link":"https:\/\/www.multicasa.com.br\/inicio\/produto\/aquecedor-eletrico-inox-vertical-200l-220v\/","title":{"rendered":"Aquecedor El\u00e9trico Inox Vertical 200L 220V"},"content":{"rendered":"<p>Aquecedor El\u00e9trico Inox Vertical 200L 220V<\/p>\n","protected":false},"excerpt":{"rendered":"<h4 style=\"margin: 0px;padding: 0px 0px 16px;font-family: Lato, sans-serif;font-weight: bold;line-height: 3rem;color: var(--dark-grey3);font-size: 22px;font-style: normal;letter-spacing: normal;text-align: start;text-indent: 0px;text-transform: none\">Informa\u00e7\u00f5es t\u00e9cnicas<\/h4>\n<p><span style=\"margin: 0px;padding: 0px;font-weight: 450;font-size: 14px;line-height: 21px;color: var(--dark-grey2);font-family: Lato, sans-serif;font-style: normal;letter-spacing: normal;text-align: start;text-indent: 0px;text-transform: none\">Aquecedor el\u00e9trico vertical, capacidade 200L, inox, 220V.<\/span><\/p>\n","protected":false},"featured_media":0,"template":"","meta":{"_joinchat":[]},"product_brand":[],"product_cat":[71],"product_tag":[],"class_list":{"0":"post-28458","1":"product","2":"type-product","3":"status-publish","5":"product_cat-chuveiros","7":"first","8":"outofstock","9":"shipping-taxable","10":"product-type-simple"},"_links":{"self":[{"href":"https:\/\/www.multicasa.com.br\/inicio\/wp-json\/wp\/v2\/product\/28458","targetHints":{"allow":["GET"]}}],"collection":[{"href":"https:\/\/www.multicasa.com.br\/inicio\/wp-json\/wp\/v2\/product"}],"about":[{"href":"https:\/\/www.multicasa.com.br\/inicio\/wp-json\/wp\/v2\/types\/product"}],"wp:attachment":[{"href":"https:\/\/www.multicasa.com.br\/inicio\/wp-json\/wp\/v2\/media?parent=28458"}],"wp:term":[{"taxonomy":"product_brand","embeddable":true,"href":"https:\/\/www.multicasa.com.br\/inicio\/wp-json\/wp\/v2\/product_brand?post=28458"},{"taxonomy":"product_cat","embeddable":true,"href":"https:\/\/www.multicasa.com.br\/inicio\/wp-json\/wp\/v2\/product_cat?post=28458"},{"taxonomy":"product_tag","embeddable":true,"href":"https:\/\/www.multicasa.com.br\/inicio\/wp-json\/wp\/v2\/product_tag?post=28458"}],"curies":[{"name":"wp","href":"https:\/\/api.w.org\/{rel}","templated":true}]}}