{"id":28509,"date":"2025-10-31T11:09:40","date_gmt":"2025-10-31T15:09:40","guid":{"rendered":"https:\/\/www.multicasa.com.br\/inicio\/produto\/manta-asfaltica-viafita-10cm-x-10m-viapol\/"},"modified":"2025-10-31T11:09:40","modified_gmt":"2025-10-31T15:09:40","slug":"manta-asfaltica-viafita-10cm-x-10m-viapol","status":"publish","type":"product","link":"https:\/\/www.multicasa.com.br\/inicio\/produto\/manta-asfaltica-viafita-10cm-x-10m-viapol\/","title":{"rendered":"Manta Asf\u00e1ltica Viafita 10cm x 10m Viapol"},"content":{"rendered":"<p>Manta Asf\u00e1ltica Viafita 10cm x 10m Viapol<\/p>\n","protected":false},"excerpt":{"rendered":"<h4 style=\"margin: 0px;padding: 0px 0px 16px;font-family: Lato, sans-serif;font-weight: bold;line-height: 3rem;color: var(--dark-grey3);font-size: 22px;font-style: normal;letter-spacing: normal;text-align: start;text-indent: 0px;text-transform: none\">Informa\u00e7\u00f5es t\u00e9cnicas<\/h4>\n<p><span style=\"margin: 0px;padding: 0px;font-weight: 450;font-size: 14px;line-height: 21px;color: var(--dark-grey2);font-family: Lato, sans-serif;font-style: normal;letter-spacing: normal;text-align: start;text-indent: 0px;text-transform: none\">Rolo de manta asf\u00e1ltica autoadesiva, 10cm de largura, 10m de comprimento.<\/span><\/p>\n","protected":false},"featured_media":0,"template":"","meta":{"_joinchat":[]},"product_brand":[],"product_cat":[147],"product_tag":[],"class_list":{"0":"post-28509","1":"product","2":"type-product","3":"status-publish","5":"product_cat-basicos","7":"first","8":"outofstock","9":"shipping-taxable","10":"product-type-simple"},"_links":{"self":[{"href":"https:\/\/www.multicasa.com.br\/inicio\/wp-json\/wp\/v2\/product\/28509","targetHints":{"allow":["GET"]}}],"collection":[{"href":"https:\/\/www.multicasa.com.br\/inicio\/wp-json\/wp\/v2\/product"}],"about":[{"href":"https:\/\/www.multicasa.com.br\/inicio\/wp-json\/wp\/v2\/types\/product"}],"wp:attachment":[{"href":"https:\/\/www.multicasa.com.br\/inicio\/wp-json\/wp\/v2\/media?parent=28509"}],"wp:term":[{"taxonomy":"product_brand","embeddable":true,"href":"https:\/\/www.multicasa.com.br\/inicio\/wp-json\/wp\/v2\/product_brand?post=28509"},{"taxonomy":"product_cat","embeddable":true,"href":"https:\/\/www.multicasa.com.br\/inicio\/wp-json\/wp\/v2\/product_cat?post=28509"},{"taxonomy":"product_tag","embeddable":true,"href":"https:\/\/www.multicasa.com.br\/inicio\/wp-json\/wp\/v2\/product_tag?post=28509"}],"curies":[{"name":"wp","href":"https:\/\/api.w.org\/{rel}","templated":true}]}}