{"id":28565,"date":"2025-10-31T11:17:48","date_gmt":"2025-10-31T15:17:48","guid":{"rendered":"https:\/\/www.multicasa.com.br\/inicio\/produto\/cabo-rigi-750v-185mm-1m-pt-corfio\/"},"modified":"2025-10-31T11:17:48","modified_gmt":"2025-10-31T15:17:48","slug":"cabo-rigi-750v-185mm-1m-pt-corfio","status":"publish","type":"product","link":"https:\/\/www.multicasa.com.br\/inicio\/produto\/cabo-rigi-750v-185mm-1m-pt-corfio\/","title":{"rendered":"Cabo Rigi 750V 185Mm 1M Pt Corfio"},"content":{"rendered":"<p>Cabo R\u00edgido 750V 185mm ? 1m Preto<\/p>\n","protected":false},"excerpt":{"rendered":"<h4 style=\"margin: 0px;padding: 0px 0px 16px;font-family: Lato, sans-serif;font-weight: bold;line-height: 3rem;color: var(--dark-grey3);font-size: 22px;font-style: normal;letter-spacing: normal;text-align: start;text-indent: 0px;text-transform: none\">Informa\u00e7\u00f5es t\u00e9cnicas<\/h4>\n<p><span style=\"margin: 0px;padding: 0px;font-weight: 450;font-size: 14px;line-height: 21px;color: var(--dark-grey2);font-family: Lato, sans-serif;font-style: normal;letter-spacing: normal;text-align: start;text-indent: 0px;text-transform: none\">Produto CABO RIGI 750V 185MM 1M PT CORFIO desenvolvido com alta qualidade, ideal para uso em instala\u00e7\u00f5es e aplica\u00e7\u00f5es diversas conforme a necessidade do cliente.<\/span><\/p>\n","protected":false},"featured_media":0,"template":"","meta":{"_joinchat":[]},"product_brand":[],"product_cat":[121],"product_tag":[],"class_list":{"0":"post-28565","1":"product","2":"type-product","3":"status-publish","5":"product_cat-fios-e-cabo","7":"first","8":"outofstock","9":"shipping-taxable","10":"product-type-simple"},"_links":{"self":[{"href":"https:\/\/www.multicasa.com.br\/inicio\/wp-json\/wp\/v2\/product\/28565","targetHints":{"allow":["GET"]}}],"collection":[{"href":"https:\/\/www.multicasa.com.br\/inicio\/wp-json\/wp\/v2\/product"}],"about":[{"href":"https:\/\/www.multicasa.com.br\/inicio\/wp-json\/wp\/v2\/types\/product"}],"wp:attachment":[{"href":"https:\/\/www.multicasa.com.br\/inicio\/wp-json\/wp\/v2\/media?parent=28565"}],"wp:term":[{"taxonomy":"product_brand","embeddable":true,"href":"https:\/\/www.multicasa.com.br\/inicio\/wp-json\/wp\/v2\/product_brand?post=28565"},{"taxonomy":"product_cat","embeddable":true,"href":"https:\/\/www.multicasa.com.br\/inicio\/wp-json\/wp\/v2\/product_cat?post=28565"},{"taxonomy":"product_tag","embeddable":true,"href":"https:\/\/www.multicasa.com.br\/inicio\/wp-json\/wp\/v2\/product_tag?post=28565"}],"curies":[{"name":"wp","href":"https:\/\/api.w.org\/{rel}","templated":true}]}}