{"id":28658,"date":"2025-10-31T11:27:09","date_gmt":"2025-10-31T15:27:09","guid":{"rendered":"https:\/\/www.multicasa.com.br\/inicio\/produto\/te-pvc-soldavel-20mm-x-1-2-krona\/"},"modified":"2025-12-19T08:01:05","modified_gmt":"2025-12-19T12:01:05","slug":"te-pvc-soldavel-20mm-x-1-2-krona","status":"publish","type":"product","link":"https:\/\/www.multicasa.com.br\/inicio\/produto\/te-pvc-soldavel-20mm-x-1-2-krona\/","title":{"rendered":"T\u00ea PVC Sold\u00e1vel 20mm x 1\/2 Krona"},"content":{"rendered":"<p>T\u00ea PVC Sold\u00e1vel 20mm x 1\/2 Krona<\/p>\n","protected":false},"excerpt":{"rendered":"<h4 style=\"margin: 0px;padding: 0px 0px 16px;font-family: Lato, sans-serif;font-weight: bold;line-height: 3rem;color: var(--dark-grey3);font-size: 22px;font-style: normal;letter-spacing: normal;text-align: start;text-indent: 0px;text-transform: none\">Informa\u00e7\u00f5es t\u00e9cnicas<\/h4>\n<p><span style=\"margin: 0px;padding: 0px;font-weight: 450;font-size: 14px;line-height: 21px;color: var(--dark-grey2);font-family: Lato, sans-serif;font-style: normal;letter-spacing: normal;text-align: start;text-indent: 0px;text-transform: none\">Conector T\u00ea em PVC sold\u00e1vel, medidas 20mm x 1\/2, LR, Krona.<\/span><\/p>\n","protected":false},"featured_media":0,"template":"","meta":{"_joinchat":[]},"product_brand":[],"product_cat":[73],"product_tag":[],"class_list":{"0":"post-28658","1":"product","2":"type-product","3":"status-publish","5":"product_cat-tubos-e-conexoes","7":"first","8":"outofstock","9":"shipping-taxable","10":"purchasable","11":"product-type-simple"},"_links":{"self":[{"href":"https:\/\/www.multicasa.com.br\/inicio\/wp-json\/wp\/v2\/product\/28658","targetHints":{"allow":["GET"]}}],"collection":[{"href":"https:\/\/www.multicasa.com.br\/inicio\/wp-json\/wp\/v2\/product"}],"about":[{"href":"https:\/\/www.multicasa.com.br\/inicio\/wp-json\/wp\/v2\/types\/product"}],"wp:attachment":[{"href":"https:\/\/www.multicasa.com.br\/inicio\/wp-json\/wp\/v2\/media?parent=28658"}],"wp:term":[{"taxonomy":"product_brand","embeddable":true,"href":"https:\/\/www.multicasa.com.br\/inicio\/wp-json\/wp\/v2\/product_brand?post=28658"},{"taxonomy":"product_cat","embeddable":true,"href":"https:\/\/www.multicasa.com.br\/inicio\/wp-json\/wp\/v2\/product_cat?post=28658"},{"taxonomy":"product_tag","embeddable":true,"href":"https:\/\/www.multicasa.com.br\/inicio\/wp-json\/wp\/v2\/product_tag?post=28658"}],"curies":[{"name":"wp","href":"https:\/\/api.w.org\/{rel}","templated":true}]}}