{"id":28804,"date":"2025-11-05T10:17:33","date_gmt":"2025-11-05T14:17:33","guid":{"rendered":"https:\/\/www.multicasa.com.br\/inicio\/produto\/adesivo-acrilico-sela-trinca-400g\/"},"modified":"2025-12-06T11:14:39","modified_gmt":"2025-12-06T15:14:39","slug":"adesivo-acrilico-sela-trinca-400g","status":"publish","type":"product","link":"https:\/\/www.multicasa.com.br\/inicio\/produto\/adesivo-acrilico-sela-trinca-400g\/","title":{"rendered":"Adesivo Acr\u00edlico Sela Trinca 400G"},"content":{"rendered":"<p>O Adesivo Acr\u00edlico Sela Trinca 400g \u00e9 um selante de base acr\u00edlica, normalmente branco, utilizado para o preenchimento e veda\u00e7\u00e3o de trincas e fissuras em diversas superf\u00edcies de constru\u00e7\u00e3o civil. Sua principal caracter\u00edstica \u00e9 a flexibilidade, o que permite que ele acompanhe a movimenta\u00e7\u00e3o natural das estruturas, evitando que as fissuras reapare\u00e7am ap\u00f3s o reparo<\/p>\n","protected":false},"excerpt":{"rendered":"<h4 style=\"margin: 0px;padding: 0px 0px 16px;font-family: Lato, sans-serif;font-weight: bold;line-height: 3rem;color: var(--dark-grey3);font-size: 22px;font-style: normal;letter-spacing: normal;text-align: start;text-indent: 0px;text-transform: none\">Informa\u00e7\u00f5es t\u00e9cnicas<\/h4>\n<p><span style=\"margin: 0px;padding: 0px;font-weight: 450;font-size: 14px;line-height: 21px;color: var(--dark-grey2);font-family: Lato, sans-serif;font-style: normal;letter-spacing: normal;text-align: start;text-indent: 0px;text-transform: none\">Base: Base acr\u00edlica \u00e0 base de \u00e1gua.<br \/>\nPeso: Aproximadamente 400g ou 425g, dependendo do fabricante.<br \/>\nDensidade: Em torno de 1,20 g\/cm\u00b3 (Pulvitec) ou 1,50 a 1,60 g\/mL (Tekbond), a 25 \u00b0C.<br \/>\nAspecto: Pasta homog\u00eanea.<br \/>\nCor: Branca.<br \/>\nOdor: Caracter\u00edstico.<br \/>\nTempo de cura: Varia por fabricante, geralmente levando de 24 a 96 horas para cura total, mas o tempo para pintura pode ser mais curto.<br \/>\nTemperatura de aplica\u00e7\u00e3o: Entre 5 \u00b0C e 35 \u00b0C.<br \/>\nTemperatura de servi\u00e7o: Entre -20 \u00b0C e 80 \u00b0C.<br \/>\nCaracter\u00edsticas adicionais: Flex\u00edvel, resistente \u00e0 umidade e aos raios UV. Alguns produtos cont\u00eam fungicida. <\/span><\/p>\n","protected":false},"featured_media":0,"template":"","meta":{"_joinchat":[]},"product_brand":[],"product_cat":[162],"product_tag":[],"class_list":{"0":"post-28804","1":"product","2":"type-product","3":"status-publish","5":"product_cat-colas-e-cia","7":"first","8":"outofstock","9":"shipping-taxable","10":"purchasable","11":"product-type-simple"},"_links":{"self":[{"href":"https:\/\/www.multicasa.com.br\/inicio\/wp-json\/wp\/v2\/product\/28804","targetHints":{"allow":["GET"]}}],"collection":[{"href":"https:\/\/www.multicasa.com.br\/inicio\/wp-json\/wp\/v2\/product"}],"about":[{"href":"https:\/\/www.multicasa.com.br\/inicio\/wp-json\/wp\/v2\/types\/product"}],"wp:attachment":[{"href":"https:\/\/www.multicasa.com.br\/inicio\/wp-json\/wp\/v2\/media?parent=28804"}],"wp:term":[{"taxonomy":"product_brand","embeddable":true,"href":"https:\/\/www.multicasa.com.br\/inicio\/wp-json\/wp\/v2\/product_brand?post=28804"},{"taxonomy":"product_cat","embeddable":true,"href":"https:\/\/www.multicasa.com.br\/inicio\/wp-json\/wp\/v2\/product_cat?post=28804"},{"taxonomy":"product_tag","embeddable":true,"href":"https:\/\/www.multicasa.com.br\/inicio\/wp-json\/wp\/v2\/product_tag?post=28804"}],"curies":[{"name":"wp","href":"https:\/\/api.w.org\/{rel}","templated":true}]}}