{"id":28808,"date":"2025-11-07T15:17:20","date_gmt":"2025-11-07T19:17:20","guid":{"rendered":"https:\/\/www.multicasa.com.br\/inicio\/produto\/pen-drive-usb-twist-preto-multilaser-64gb\/"},"modified":"2026-04-16T09:20:12","modified_gmt":"2026-04-16T13:20:12","slug":"pen-drive-usb-twist-preto-multilaser-64gb","status":"publish","type":"product","link":"https:\/\/www.multicasa.com.br\/inicio\/produto\/pen-drive-usb-twist-preto-multilaser-64gb\/","title":{"rendered":"Pen Drive USB Twist Preto Multilaser 64gb"},"content":{"rendered":"<p>Com o Pen Drive USB Twist Preto Multilaser, voc\u00ea tem 64gb de mem\u00f3ria para armazenar seus arquivos como fotos, v\u00eddeos e m\u00fasicas. Com USB 2.0, chega de lotar seu celular ou computador com arquivos pesados.<\/p>\n","protected":false},"excerpt":{"rendered":"<h4 style=\"margin: 0px;padding: 0px 0px 16px;font-family: Lato, sans-serif;font-weight: bold;line-height: 3rem;color: var(--dark-grey3);font-size: 22px;font-style: normal;letter-spacing: normal;text-align: start;text-indent: 0px;text-transform: none\">Informa\u00e7\u00f5es t\u00e9cnicas<\/h4>\n<p><span style=\"margin: 0px;padding: 0px;font-weight: 450;font-size: 14px;line-height: 21px;color: var(--dark-grey2);font-family: Lato, sans-serif;font-style: normal;letter-spacing: normal;text-align: start;text-indent: 0px;text-transform: none\">Produto: Pen Drive<br \/>\nMarca: Multilaser<br \/>\nCor: Preto<br \/>\nCaracter\u00edsticas: Capacidade de 64gb<br \/>\nUSB 2.0<br \/>\nItens Inclusos: 1 Pen Drive<br \/>\nDimens\u00f5es do produto (A X L): 14,5 x 9cm<br \/>\n<\/span><\/p>\n","protected":false},"featured_media":0,"template":"","meta":{"_joinchat":[]},"product_brand":[],"product_cat":[130],"product_tag":[],"class_list":{"0":"post-28808","1":"product","2":"type-product","3":"status-publish","5":"product_cat-informatica","7":"first","8":"instock","9":"shipping-taxable","10":"purchasable","11":"product-type-simple"},"_links":{"self":[{"href":"https:\/\/www.multicasa.com.br\/inicio\/wp-json\/wp\/v2\/product\/28808","targetHints":{"allow":["GET"]}}],"collection":[{"href":"https:\/\/www.multicasa.com.br\/inicio\/wp-json\/wp\/v2\/product"}],"about":[{"href":"https:\/\/www.multicasa.com.br\/inicio\/wp-json\/wp\/v2\/types\/product"}],"wp:attachment":[{"href":"https:\/\/www.multicasa.com.br\/inicio\/wp-json\/wp\/v2\/media?parent=28808"}],"wp:term":[{"taxonomy":"product_brand","embeddable":true,"href":"https:\/\/www.multicasa.com.br\/inicio\/wp-json\/wp\/v2\/product_brand?post=28808"},{"taxonomy":"product_cat","embeddable":true,"href":"https:\/\/www.multicasa.com.br\/inicio\/wp-json\/wp\/v2\/product_cat?post=28808"},{"taxonomy":"product_tag","embeddable":true,"href":"https:\/\/www.multicasa.com.br\/inicio\/wp-json\/wp\/v2\/product_tag?post=28808"}],"curies":[{"name":"wp","href":"https:\/\/api.w.org\/{rel}","templated":true}]}}