{"id":28840,"date":"2025-11-10T19:37:33","date_gmt":"2025-11-10T23:37:33","guid":{"rendered":"https:\/\/www.multicasa.com.br\/inicio\/produto\/lona-plast-150-micr-1x8m-pt-neoplas\/"},"modified":"2025-12-17T13:01:28","modified_gmt":"2025-12-17T17:01:28","slug":"lona-plast-150-micr-1x8m-pt-neoplas","status":"publish","type":"product","link":"https:\/\/www.multicasa.com.br\/inicio\/produto\/lona-plast-150-micr-1x8m-pt-neoplas\/","title":{"rendered":"LONA PLAST.150 MICR.1X8M PT NEOPLAS"},"content":{"rendered":"<p>Lona Plast.150 Micr.1X8M Pt<\/p>\n","protected":false},"excerpt":{"rendered":"<h4 style=\"margin: 0px;padding: 0px 0px 16px;font-family: Lato, sans-serif;font-weight: bold;line-height: 3rem;color: var(--dark-grey3);font-size: 22px;font-style: normal;letter-spacing: normal;text-align: start;text-indent: 0px;text-transform: none\">Informa\u00e7\u00f5es t\u00e9cnicas<\/h4>\n<p><span style=\"margin: 0px;padding: 0px;font-weight: 450;font-size: 14px;line-height: 21px;color: var(--dark-grey2);font-family: Lato, sans-serif;font-style: normal;letter-spacing: normal;text-align: start;text-indent: 0px;text-transform: none\">Lona pl\u00e1stica preta 150 micras 1&#215;8 m, ideal para prote\u00e7\u00e3o de \u00e1reas e impermeabiliza\u00e7\u00e3o tempor\u00e1ria.<\/span><\/p>\n","protected":false},"featured_media":0,"template":"","meta":{"_joinchat":[]},"product_brand":[],"product_cat":[147],"product_tag":[],"class_list":{"0":"post-28840","1":"product","2":"type-product","3":"status-publish","5":"product_cat-basicos","7":"first","8":"outofstock","9":"shipping-taxable","10":"purchasable","11":"product-type-simple"},"_links":{"self":[{"href":"https:\/\/www.multicasa.com.br\/inicio\/wp-json\/wp\/v2\/product\/28840","targetHints":{"allow":["GET"]}}],"collection":[{"href":"https:\/\/www.multicasa.com.br\/inicio\/wp-json\/wp\/v2\/product"}],"about":[{"href":"https:\/\/www.multicasa.com.br\/inicio\/wp-json\/wp\/v2\/types\/product"}],"wp:attachment":[{"href":"https:\/\/www.multicasa.com.br\/inicio\/wp-json\/wp\/v2\/media?parent=28840"}],"wp:term":[{"taxonomy":"product_brand","embeddable":true,"href":"https:\/\/www.multicasa.com.br\/inicio\/wp-json\/wp\/v2\/product_brand?post=28840"},{"taxonomy":"product_cat","embeddable":true,"href":"https:\/\/www.multicasa.com.br\/inicio\/wp-json\/wp\/v2\/product_cat?post=28840"},{"taxonomy":"product_tag","embeddable":true,"href":"https:\/\/www.multicasa.com.br\/inicio\/wp-json\/wp\/v2\/product_tag?post=28840"}],"curies":[{"name":"wp","href":"https:\/\/api.w.org\/{rel}","templated":true}]}}