{"id":28841,"date":"2025-11-10T19:37:36","date_gmt":"2025-11-10T23:37:36","guid":{"rendered":"https:\/\/www.multicasa.com.br\/inicio\/produto\/barramento-bif-56-polo-din-80a-cema\/"},"modified":"2026-04-18T10:00:15","modified_gmt":"2026-04-18T14:00:15","slug":"barramento-bif-56-polo-din-80a-cema","status":"publish","type":"product","link":"https:\/\/www.multicasa.com.br\/inicio\/produto\/barramento-bif-56-polo-din-80a-cema\/","title":{"rendered":"BARRAMENTO BIF.56 POLO DIN 80A CEMA"},"content":{"rendered":"<p>Barramento Bif\u00e1sico 56 Disjuntores DIN 80A Cemar<\/p>\n","protected":false},"excerpt":{"rendered":"<h4 style=\"margin: 0px;padding: 0px 0px 16px;font-family: Lato, sans-serif;font-weight: bold;line-height: 3rem;color: var(--dark-grey3);font-size: 22px;font-style: normal;letter-spacing: normal;text-align: start;text-indent: 0px;text-transform: none\">Informa\u00e7\u00f5es t\u00e9cnicas<\/h4>\n<p><span style=\"margin: 0px;padding: 0px;font-weight: 450;font-size: 14px;line-height: 21px;color: var(--dark-grey2);font-family: Lato, sans-serif;font-style: normal;letter-spacing: normal;text-align: start;text-indent: 0px;text-transform: none\">Tipo: Barramento (Pente). Polos: Bif\u00e1sico (2P). Capacidade: 56 Disjuntores (DIN). Corrente: 80 Amperes. Marca: Cemar.<\/span><\/p>\n","protected":false},"featured_media":0,"template":"","meta":{"_joinchat":[]},"product_brand":[],"product_cat":[122],"product_tag":[],"class_list":{"0":"post-28841","1":"product","2":"type-product","3":"status-publish","5":"product_cat-quadros-e-cia","7":"first","8":"outofstock","9":"shipping-taxable","10":"purchasable","11":"product-type-simple"},"_links":{"self":[{"href":"https:\/\/www.multicasa.com.br\/inicio\/wp-json\/wp\/v2\/product\/28841","targetHints":{"allow":["GET"]}}],"collection":[{"href":"https:\/\/www.multicasa.com.br\/inicio\/wp-json\/wp\/v2\/product"}],"about":[{"href":"https:\/\/www.multicasa.com.br\/inicio\/wp-json\/wp\/v2\/types\/product"}],"wp:attachment":[{"href":"https:\/\/www.multicasa.com.br\/inicio\/wp-json\/wp\/v2\/media?parent=28841"}],"wp:term":[{"taxonomy":"product_brand","embeddable":true,"href":"https:\/\/www.multicasa.com.br\/inicio\/wp-json\/wp\/v2\/product_brand?post=28841"},{"taxonomy":"product_cat","embeddable":true,"href":"https:\/\/www.multicasa.com.br\/inicio\/wp-json\/wp\/v2\/product_cat?post=28841"},{"taxonomy":"product_tag","embeddable":true,"href":"https:\/\/www.multicasa.com.br\/inicio\/wp-json\/wp\/v2\/product_tag?post=28841"}],"curies":[{"name":"wp","href":"https:\/\/api.w.org\/{rel}","templated":true}]}}