{"id":28878,"date":"2025-12-01T18:17:31","date_gmt":"2025-12-01T22:17:31","guid":{"rendered":"https:\/\/www.multicasa.com.br\/inicio\/produto\/engate-flex-inox-agua-mxf-60cm-cens\/"},"modified":"2026-03-17T10:50:09","modified_gmt":"2026-03-17T14:50:09","slug":"engate-flex-inox-agua-mxf-60cm-cens","status":"publish","type":"product","link":"https:\/\/www.multicasa.com.br\/inicio\/produto\/engate-flex-inox-agua-mxf-60cm-cens\/","title":{"rendered":"ENGATE FLEX INOX AGUA MXF 60CM CENS"},"content":{"rendered":"<p>ENGATE FLEX INOX AGUA MXF 60CM <\/p>\n","protected":false},"excerpt":{"rendered":"<h4 style=\"margin: 0px;padding: 0px 0px 16px;font-family: Lato, sans-serif;font-weight: bold;line-height: 3rem;color: var(--dark-grey3);font-size: 22px;font-style: normal;letter-spacing: normal;text-align: start;text-indent: 0px;text-transform: none\">Informa\u00e7\u00f5es t\u00e9cnicas<\/h4>\n<p><span style=\"margin: 0px;padding: 0px;font-weight: 450;font-size: 14px;line-height: 21px;color: var(--dark-grey2);font-family: Lato, sans-serif;font-style: normal;letter-spacing: normal;text-align: start;text-indent: 0px;text-transform: none\">Engate flex\u00edvel em inox 60cm para \u00e1gua, resistente e de f\u00e1cil conex\u00e3o.<\/span><\/p>\n","protected":false},"featured_media":0,"template":"","meta":{"_joinchat":[]},"product_brand":[],"product_cat":[69],"product_tag":[],"class_list":{"0":"post-28878","1":"product","2":"type-product","3":"status-publish","5":"product_cat-acessorios-para-banheiro","7":"first","8":"outofstock","9":"shipping-taxable","10":"purchasable","11":"product-type-simple"},"_links":{"self":[{"href":"https:\/\/www.multicasa.com.br\/inicio\/wp-json\/wp\/v2\/product\/28878","targetHints":{"allow":["GET"]}}],"collection":[{"href":"https:\/\/www.multicasa.com.br\/inicio\/wp-json\/wp\/v2\/product"}],"about":[{"href":"https:\/\/www.multicasa.com.br\/inicio\/wp-json\/wp\/v2\/types\/product"}],"wp:attachment":[{"href":"https:\/\/www.multicasa.com.br\/inicio\/wp-json\/wp\/v2\/media?parent=28878"}],"wp:term":[{"taxonomy":"product_brand","embeddable":true,"href":"https:\/\/www.multicasa.com.br\/inicio\/wp-json\/wp\/v2\/product_brand?post=28878"},{"taxonomy":"product_cat","embeddable":true,"href":"https:\/\/www.multicasa.com.br\/inicio\/wp-json\/wp\/v2\/product_cat?post=28878"},{"taxonomy":"product_tag","embeddable":true,"href":"https:\/\/www.multicasa.com.br\/inicio\/wp-json\/wp\/v2\/product_tag?post=28878"}],"curies":[{"name":"wp","href":"https:\/\/api.w.org\/{rel}","templated":true}]}}