{"id":28921,"date":"2025-12-16T17:47:45","date_gmt":"2025-12-16T21:47:45","guid":{"rendered":"https:\/\/www.multicasa.com.br\/inicio\/produto\/bucha-red-invertida-3-4x1-2-cr-cens\/"},"modified":"2025-12-17T13:28:59","modified_gmt":"2025-12-17T17:28:59","slug":"bucha-red-invertida-3-4x1-2-cr-cens","status":"publish","type":"product","link":"https:\/\/www.multicasa.com.br\/inicio\/produto\/bucha-red-invertida-3-4x1-2-cr-cens\/","title":{"rendered":"BUCHA RED.INVERTIDA 3\/4X1\/2 CR CENS"},"content":{"rendered":"<p>BUCHA RED.INVERTIDA 3\/4X1\/2 CR S<\/p>\n","protected":false},"excerpt":{"rendered":"<h4 style=\"margin: 0px;padding: 0px 0px 16px;font-family: Lato, sans-serif;font-weight: bold;line-height: 3rem;color: var(--dark-grey3);font-size: 22px;font-style: normal;letter-spacing: normal;text-align: start;text-indent: 0px;text-transform: none\">Informa\u00e7\u00f5es t\u00e9cnicas<\/h4>\n<p><span style=\"margin: 0px;padding: 0px;font-weight: 450;font-size: 14px;line-height: 21px;color: var(--dark-grey2);font-family: Lato, sans-serif;font-style: normal;letter-spacing: normal;text-align: start;text-indent: 0px;text-transform: none\">Pe\u00e7a t\u00e9cnica para linha hidr\u00e1ulica e sanit\u00e1ria, indicada para manuten\u00e7\u00e3o, reposi\u00e7\u00e3o ou montagem de sistemas de \u00e1gua.<\/span><\/p>\n","protected":false},"featured_media":0,"template":"","meta":{"_joinchat":[]},"product_brand":[],"product_cat":[74],"product_tag":[],"class_list":{"0":"post-28921","1":"product","2":"type-product","3":"status-publish","5":"product_cat-reparos-hidraulicos","7":"first","8":"outofstock","9":"shipping-taxable","10":"purchasable","11":"product-type-simple"},"_links":{"self":[{"href":"https:\/\/www.multicasa.com.br\/inicio\/wp-json\/wp\/v2\/product\/28921","targetHints":{"allow":["GET"]}}],"collection":[{"href":"https:\/\/www.multicasa.com.br\/inicio\/wp-json\/wp\/v2\/product"}],"about":[{"href":"https:\/\/www.multicasa.com.br\/inicio\/wp-json\/wp\/v2\/types\/product"}],"wp:attachment":[{"href":"https:\/\/www.multicasa.com.br\/inicio\/wp-json\/wp\/v2\/media?parent=28921"}],"wp:term":[{"taxonomy":"product_brand","embeddable":true,"href":"https:\/\/www.multicasa.com.br\/inicio\/wp-json\/wp\/v2\/product_brand?post=28921"},{"taxonomy":"product_cat","embeddable":true,"href":"https:\/\/www.multicasa.com.br\/inicio\/wp-json\/wp\/v2\/product_cat?post=28921"},{"taxonomy":"product_tag","embeddable":true,"href":"https:\/\/www.multicasa.com.br\/inicio\/wp-json\/wp\/v2\/product_tag?post=28921"}],"curies":[{"name":"wp","href":"https:\/\/api.w.org\/{rel}","templated":true}]}}