{"id":29030,"date":"2025-12-16T17:57:43","date_gmt":"2025-12-16T21:57:43","guid":{"rendered":"https:\/\/www.multicasa.com.br\/inicio\/produto\/caixa-hidrometro-sanesul-estametal\/"},"modified":"2025-12-17T13:23:13","modified_gmt":"2025-12-17T17:23:13","slug":"caixa-hidrometro-sanesul-estametal","status":"publish","type":"product","link":"https:\/\/www.multicasa.com.br\/inicio\/produto\/caixa-hidrometro-sanesul-estametal\/","title":{"rendered":"CAIXA HIDROMETRO SANESUL ESTAMETAL"},"content":{"rendered":"<p>Caixa para Hidr\u00f4metro Sanesul Estametal<\/p>\n","protected":false},"excerpt":{"rendered":"<h4 style=\"margin: 0px;padding: 0px 0px 16px;font-family: Lato, sans-serif;font-weight: bold;line-height: 3rem;color: var(--dark-grey3);font-size: 22px;font-style: normal;letter-spacing: normal;text-align: start;text-indent: 0px;text-transform: none\">Informa\u00e7\u00f5es t\u00e9cnicas<\/h4>\n<p><span style=\"margin: 0px;padding: 0px;font-weight: 450;font-size: 14px;line-height: 21px;color: var(--dark-grey2);font-family: Lato, sans-serif;font-style: normal;letter-spacing: normal;text-align: start;text-indent: 0px;text-transform: none\">Tipo: Caixa (Prote\u00e7\u00e3o). Uso: Hidr\u00f4metro (Padr\u00e3o Sanesul). Material: Metal. Marca: Estametal.<\/span><\/p>\n","protected":false},"featured_media":0,"template":"","meta":{"_joinchat":[]},"product_brand":[],"product_cat":[73],"product_tag":[],"class_list":{"0":"post-29030","1":"product","2":"type-product","3":"status-publish","5":"product_cat-tubos-e-conexoes","7":"first","8":"instock","9":"shipping-taxable","10":"purchasable","11":"product-type-simple"},"_links":{"self":[{"href":"https:\/\/www.multicasa.com.br\/inicio\/wp-json\/wp\/v2\/product\/29030","targetHints":{"allow":["GET"]}}],"collection":[{"href":"https:\/\/www.multicasa.com.br\/inicio\/wp-json\/wp\/v2\/product"}],"about":[{"href":"https:\/\/www.multicasa.com.br\/inicio\/wp-json\/wp\/v2\/types\/product"}],"wp:attachment":[{"href":"https:\/\/www.multicasa.com.br\/inicio\/wp-json\/wp\/v2\/media?parent=29030"}],"wp:term":[{"taxonomy":"product_brand","embeddable":true,"href":"https:\/\/www.multicasa.com.br\/inicio\/wp-json\/wp\/v2\/product_brand?post=29030"},{"taxonomy":"product_cat","embeddable":true,"href":"https:\/\/www.multicasa.com.br\/inicio\/wp-json\/wp\/v2\/product_cat?post=29030"},{"taxonomy":"product_tag","embeddable":true,"href":"https:\/\/www.multicasa.com.br\/inicio\/wp-json\/wp\/v2\/product_tag?post=29030"}],"curies":[{"name":"wp","href":"https:\/\/api.w.org\/{rel}","templated":true}]}}