{"id":29165,"date":"2025-12-16T18:57:10","date_gmt":"2025-12-16T22:57:10","guid":{"rendered":"https:\/\/www.multicasa.com.br\/inicio\/produto\/filtro-linha-4tom-120m-biv-pt\/"},"modified":"2026-03-30T10:01:09","modified_gmt":"2026-03-30T14:01:09","slug":"filtro-linha-4tom-120m-biv-pt","status":"publish","type":"product","link":"https:\/\/www.multicasa.com.br\/inicio\/produto\/filtro-linha-4tom-120m-biv-pt\/","title":{"rendered":"FILTRO LINHA 4TOM.1,20M BIV.PT"},"content":{"rendered":"<p>FILTRO LINHA 4TOM.1,20M BIV.PT<\/p>\n","protected":false},"excerpt":{"rendered":"<h4 style=\"margin: 0px;padding: 0px 0px 16px;font-family: Lato, sans-serif;font-weight: bold;line-height: 3rem;color: var(--dark-grey3);font-size: 22px;font-style: normal;letter-spacing: normal;text-align: start;text-indent: 0px;text-transform: none\">Informa\u00e7\u00f5es t\u00e9cnicas<\/h4>\n<p><span style=\"margin: 0px;padding: 0px;font-weight: 450;font-size: 14px;line-height: 21px;color: var(--dark-grey2);font-family: Lato, sans-serif;font-style: normal;letter-spacing: normal;text-align: start;text-indent: 0px;text-transform: none\">Filtro de linha com 4 tomadas, 1,20m, bivolt, com chave liga\/desliga e prote\u00e7\u00e3o contra sobrecarga.<\/span><\/p>\n","protected":false},"featured_media":0,"template":"","meta":{"_joinchat":[]},"product_brand":[],"product_cat":[120],"product_tag":[],"class_list":{"0":"post-29165","1":"product","2":"type-product","3":"status-publish","5":"product_cat-extencoes-e-cia","7":"first","8":"outofstock","9":"shipping-taxable","10":"purchasable","11":"product-type-simple"},"_links":{"self":[{"href":"https:\/\/www.multicasa.com.br\/inicio\/wp-json\/wp\/v2\/product\/29165","targetHints":{"allow":["GET"]}}],"collection":[{"href":"https:\/\/www.multicasa.com.br\/inicio\/wp-json\/wp\/v2\/product"}],"about":[{"href":"https:\/\/www.multicasa.com.br\/inicio\/wp-json\/wp\/v2\/types\/product"}],"wp:attachment":[{"href":"https:\/\/www.multicasa.com.br\/inicio\/wp-json\/wp\/v2\/media?parent=29165"}],"wp:term":[{"taxonomy":"product_brand","embeddable":true,"href":"https:\/\/www.multicasa.com.br\/inicio\/wp-json\/wp\/v2\/product_brand?post=29165"},{"taxonomy":"product_cat","embeddable":true,"href":"https:\/\/www.multicasa.com.br\/inicio\/wp-json\/wp\/v2\/product_cat?post=29165"},{"taxonomy":"product_tag","embeddable":true,"href":"https:\/\/www.multicasa.com.br\/inicio\/wp-json\/wp\/v2\/product_tag?post=29165"}],"curies":[{"name":"wp","href":"https:\/\/api.w.org\/{rel}","templated":true}]}}