{"id":29166,"date":"2025-12-16T18:57:18","date_gmt":"2025-12-16T22:57:18","guid":{"rendered":"https:\/\/www.multicasa.com.br\/inicio\/produto\/lixeira-plast-7l-c-pedal-25738-arqp\/"},"modified":"2026-04-24T09:20:07","modified_gmt":"2026-04-24T13:20:07","slug":"lixeira-plast-7l-c-pedal-25738-arqp","status":"publish","type":"product","link":"https:\/\/www.multicasa.com.br\/inicio\/produto\/lixeira-plast-7l-c-pedal-25738-arqp\/","title":{"rendered":"LIXEIRA PLAST.7L C\/PEDAL 25738 ARQP"},"content":{"rendered":"<p>LIXEIRA PLAST.7L C\/PEDAL 25738<\/p>\n","protected":false},"excerpt":{"rendered":"<h4 style=\"margin: 0px;padding: 0px 0px 16px;font-family: Lato, sans-serif;font-weight: bold;line-height: 3rem;color: var(--dark-grey3);font-size: 22px;font-style: normal;letter-spacing: normal;text-align: start;text-indent: 0px;text-transform: none\">Informa\u00e7\u00f5es t\u00e9cnicas<\/h4>\n<p><span style=\"margin: 0px;padding: 0px;font-weight: 450;font-size: 14px;line-height: 21px;color: var(--dark-grey2);font-family: Lato, sans-serif;font-style: normal;letter-spacing: normal;text-align: start;text-indent: 0px;text-transform: none\">Fabricada em pl\u00e1stico ou a\u00e7o de alta resist\u00eancia, com pedal e tampa basculante, ideal para uso dom\u00e9stico.<\/span><\/p>\n","protected":false},"featured_media":0,"template":"","meta":{"_joinchat":[]},"product_brand":[],"product_cat":[93],"product_tag":[],"class_list":{"0":"post-29166","1":"product","2":"type-product","3":"status-publish","5":"product_cat-utensilios-para-cozinha","7":"first","8":"instock","9":"shipping-taxable","10":"purchasable","11":"product-type-simple"},"_links":{"self":[{"href":"https:\/\/www.multicasa.com.br\/inicio\/wp-json\/wp\/v2\/product\/29166","targetHints":{"allow":["GET"]}}],"collection":[{"href":"https:\/\/www.multicasa.com.br\/inicio\/wp-json\/wp\/v2\/product"}],"about":[{"href":"https:\/\/www.multicasa.com.br\/inicio\/wp-json\/wp\/v2\/types\/product"}],"wp:attachment":[{"href":"https:\/\/www.multicasa.com.br\/inicio\/wp-json\/wp\/v2\/media?parent=29166"}],"wp:term":[{"taxonomy":"product_brand","embeddable":true,"href":"https:\/\/www.multicasa.com.br\/inicio\/wp-json\/wp\/v2\/product_brand?post=29166"},{"taxonomy":"product_cat","embeddable":true,"href":"https:\/\/www.multicasa.com.br\/inicio\/wp-json\/wp\/v2\/product_cat?post=29166"},{"taxonomy":"product_tag","embeddable":true,"href":"https:\/\/www.multicasa.com.br\/inicio\/wp-json\/wp\/v2\/product_tag?post=29166"}],"curies":[{"name":"wp","href":"https:\/\/api.w.org\/{rel}","templated":true}]}}