{"id":29276,"date":"2025-12-16T19:43:17","date_gmt":"2025-12-16T23:43:17","guid":{"rendered":"https:\/\/www.multicasa.com.br\/inicio\/produto\/conector-derivacao-4-a-6mm-am-decor\/"},"modified":"2025-12-17T14:16:18","modified_gmt":"2025-12-17T18:16:18","slug":"conector-derivacao-4-a-6mm-am-decor","status":"publish","type":"product","link":"https:\/\/www.multicasa.com.br\/inicio\/produto\/conector-derivacao-4-a-6mm-am-decor\/","title":{"rendered":"CONECTOR DERIVACAO 4 A 6MM AM DECOR"},"content":{"rendered":"<p>Conector Derivacao 4 A 6Mm Am<\/p>\n","protected":false},"excerpt":{"rendered":"<h4 style=\"margin: 0px;padding: 0px 0px 16px;font-family: Lato, sans-serif;font-weight: bold;line-height: 3rem;color: var(--dark-grey3);font-size: 22px;font-style: normal;letter-spacing: normal;text-align: start;text-indent: 0px;text-transform: none\">Informa\u00e7\u00f5es t\u00e9cnicas<\/h4>\n<p><span style=\"margin: 0px;padding: 0px;font-weight: 450;font-size: 14px;line-height: 21px;color: var(--dark-grey2);font-family: Lato, sans-serif;font-style: normal;letter-spacing: normal;text-align: start;text-indent: 0px;text-transform: none\">Conector de deriva\u00e7\u00e3o r\u00e1pido para condutores de 4 a 6 mm\u00b2, corpo em material isolante na cor amarela, aplica\u00e7\u00e3o em instala\u00e7\u00f5es el\u00e9tricas de baixa tens\u00e3o, fixa\u00e7\u00e3o por press\u00e3o\/tor\u00e7\u00e3o, uso interno.<\/span><\/p>\n","protected":false},"featured_media":0,"template":"","meta":{"_joinchat":[]},"product_brand":[],"product_cat":[119],"product_tag":[],"class_list":{"0":"post-29276","1":"product","2":"type-product","3":"status-publish","5":"product_cat-materiais-eletricos","7":"first","8":"instock","9":"shipping-taxable","10":"purchasable","11":"product-type-simple"},"_links":{"self":[{"href":"https:\/\/www.multicasa.com.br\/inicio\/wp-json\/wp\/v2\/product\/29276","targetHints":{"allow":["GET"]}}],"collection":[{"href":"https:\/\/www.multicasa.com.br\/inicio\/wp-json\/wp\/v2\/product"}],"about":[{"href":"https:\/\/www.multicasa.com.br\/inicio\/wp-json\/wp\/v2\/types\/product"}],"wp:attachment":[{"href":"https:\/\/www.multicasa.com.br\/inicio\/wp-json\/wp\/v2\/media?parent=29276"}],"wp:term":[{"taxonomy":"product_brand","embeddable":true,"href":"https:\/\/www.multicasa.com.br\/inicio\/wp-json\/wp\/v2\/product_brand?post=29276"},{"taxonomy":"product_cat","embeddable":true,"href":"https:\/\/www.multicasa.com.br\/inicio\/wp-json\/wp\/v2\/product_cat?post=29276"},{"taxonomy":"product_tag","embeddable":true,"href":"https:\/\/www.multicasa.com.br\/inicio\/wp-json\/wp\/v2\/product_tag?post=29276"}],"curies":[{"name":"wp","href":"https:\/\/api.w.org\/{rel}","templated":true}]}}