{"id":29314,"date":"2025-12-16T19:45:44","date_gmt":"2025-12-16T23:45:44","guid":{"rendered":"https:\/\/www.multicasa.com.br\/inicio\/produto\/engate-flex-p-gas-3-8x1-2-120m-blu\/"},"modified":"2026-04-15T14:50:27","modified_gmt":"2026-04-15T18:50:27","slug":"engate-flex-p-gas-3-8x1-2-120m-blu","status":"publish","type":"product","link":"https:\/\/www.multicasa.com.br\/inicio\/produto\/engate-flex-p-gas-3-8x1-2-120m-blu\/","title":{"rendered":"ENGATE FLEX.P\/GAS 3\/8X1\/2 1,20M BLU"},"content":{"rendered":"<p>Engate Flex\u00edvel para G\u00e1s 3\/8&#8243; x 1\/2&#8243; 1,20 Metros Blukit<\/p>\n","protected":false},"excerpt":{"rendered":"<h4 style=\"margin: 0px;padding: 0px 0px 16px;font-family: Lato, sans-serif;font-weight: bold;line-height: 3rem;color: var(--dark-grey3);font-size: 22px;font-style: normal;letter-spacing: normal;text-align: start;text-indent: 0px;text-transform: none\">Informa\u00e7\u00f5es t\u00e9cnicas<\/h4>\n<p><span style=\"margin: 0px;padding: 0px;font-weight: 450;font-size: 14px;line-height: 21px;color: var(--dark-grey2);font-family: Lato, sans-serif;font-style: normal;letter-spacing: normal;text-align: start;text-indent: 0px;text-transform: none\">Tipo: Engate Flex\u00edvel (G\u00e1s). Medidas: 3\/8&#8243; x 1\/2&#8243;. Comprimento: 1,20 Metros. Marca: Blukit.<\/span><\/p>\n","protected":false},"featured_media":0,"template":"","meta":{"_joinchat":[]},"product_brand":[],"product_cat":[94],"product_tag":[],"class_list":{"0":"post-29314","1":"product","2":"type-product","3":"status-publish","5":"product_cat-gas","7":"first","8":"outofstock","9":"shipping-taxable","10":"purchasable","11":"product-type-simple"},"_links":{"self":[{"href":"https:\/\/www.multicasa.com.br\/inicio\/wp-json\/wp\/v2\/product\/29314","targetHints":{"allow":["GET"]}}],"collection":[{"href":"https:\/\/www.multicasa.com.br\/inicio\/wp-json\/wp\/v2\/product"}],"about":[{"href":"https:\/\/www.multicasa.com.br\/inicio\/wp-json\/wp\/v2\/types\/product"}],"wp:attachment":[{"href":"https:\/\/www.multicasa.com.br\/inicio\/wp-json\/wp\/v2\/media?parent=29314"}],"wp:term":[{"taxonomy":"product_brand","embeddable":true,"href":"https:\/\/www.multicasa.com.br\/inicio\/wp-json\/wp\/v2\/product_brand?post=29314"},{"taxonomy":"product_cat","embeddable":true,"href":"https:\/\/www.multicasa.com.br\/inicio\/wp-json\/wp\/v2\/product_cat?post=29314"},{"taxonomy":"product_tag","embeddable":true,"href":"https:\/\/www.multicasa.com.br\/inicio\/wp-json\/wp\/v2\/product_tag?post=29314"}],"curies":[{"name":"wp","href":"https:\/\/api.w.org\/{rel}","templated":true}]}}