{"id":29359,"date":"2025-12-16T19:52:55","date_gmt":"2025-12-16T23:52:55","guid":{"rendered":"https:\/\/www.multicasa.com.br\/inicio\/produto\/liquidificador-750ml-300w-127v-mimo\/"},"modified":"2026-02-09T02:10:08","modified_gmt":"2026-02-09T06:10:08","slug":"liquidificador-750ml-300w-127v-mimo","status":"publish","type":"product","link":"https:\/\/www.multicasa.com.br\/inicio\/produto\/liquidificador-750ml-300w-127v-mimo\/","title":{"rendered":"LIQUIDIFICADOR 750ML 300W 127V MIMO"},"content":{"rendered":"<p>Liquidificador Port\u00e1til 750ml 300W 127V Mimo Style<\/p>\n","protected":false},"excerpt":{"rendered":"<h4 style=\"margin: 0px;padding: 0px 0px 16px;font-family: Lato, sans-serif;font-weight: bold;line-height: 3rem;color: var(--dark-grey3);font-size: 22px;font-style: normal;letter-spacing: normal;text-align: start;text-indent: 0px;text-transform: none\">Informa\u00e7\u00f5es t\u00e9cnicas<\/h4>\n<p><span style=\"margin: 0px;padding: 0px;font-weight: 450;font-size: 14px;line-height: 21px;color: var(--dark-grey2);font-family: Lato, sans-serif;font-style: normal;letter-spacing: normal;text-align: start;text-indent: 0px;text-transform: none\">Tipo: Liquidificador Port\u00e1til. Pot\u00eancia: 300W. Tens\u00e3o: 127V. Volume: 750ml. Marca: Mimo Style.<\/span><\/p>\n","protected":false},"featured_media":0,"template":"","meta":{"_joinchat":[]},"product_brand":[],"product_cat":[100],"product_tag":[],"class_list":{"0":"post-29359","1":"product","2":"type-product","3":"status-publish","5":"product_cat-eletros","7":"first","8":"instock","9":"shipping-taxable","10":"purchasable","11":"product-type-simple"},"_links":{"self":[{"href":"https:\/\/www.multicasa.com.br\/inicio\/wp-json\/wp\/v2\/product\/29359","targetHints":{"allow":["GET"]}}],"collection":[{"href":"https:\/\/www.multicasa.com.br\/inicio\/wp-json\/wp\/v2\/product"}],"about":[{"href":"https:\/\/www.multicasa.com.br\/inicio\/wp-json\/wp\/v2\/types\/product"}],"wp:attachment":[{"href":"https:\/\/www.multicasa.com.br\/inicio\/wp-json\/wp\/v2\/media?parent=29359"}],"wp:term":[{"taxonomy":"product_brand","embeddable":true,"href":"https:\/\/www.multicasa.com.br\/inicio\/wp-json\/wp\/v2\/product_brand?post=29359"},{"taxonomy":"product_cat","embeddable":true,"href":"https:\/\/www.multicasa.com.br\/inicio\/wp-json\/wp\/v2\/product_cat?post=29359"},{"taxonomy":"product_tag","embeddable":true,"href":"https:\/\/www.multicasa.com.br\/inicio\/wp-json\/wp\/v2\/product_tag?post=29359"}],"curies":[{"name":"wp","href":"https:\/\/api.w.org\/{rel}","templated":true}]}}