{"id":29386,"date":"2025-12-16T19:54:38","date_gmt":"2025-12-16T23:54:38","guid":{"rendered":"https:\/\/www.multicasa.com.br\/inicio\/produto\/abafador-concha-19db-arv300-vonder\/"},"modified":"2026-01-24T09:56:57","modified_gmt":"2026-01-24T13:56:57","slug":"abafador-concha-19db-arv300-vonder","status":"publish","type":"product","link":"https:\/\/www.multicasa.com.br\/inicio\/produto\/abafador-concha-19db-arv300-vonder\/","title":{"rendered":"ABAFADOR CONCHA 19DB ARV300 VONDER"},"content":{"rendered":"<p>Abafador de Ru\u00eddo Tipo Concha 19dB Vonder<\/p>\n","protected":false},"excerpt":{"rendered":"<h4 style=\"margin: 0px; padding: 0px 0px 16px; font-family: Lato, sans-serif; font-weight: bold; line-height: 3rem; color: var(--dark-grey3); font-size: 22px; font-style: normal; letter-spacing: normal; text-align: start; text-indent: 0px; text-transform: none;\">Informa\u00e7\u00f5es t\u00e9cnicas<\/h4>\n<p><span style=\"margin: 0px; padding: 0px; font-weight: 450; font-size: 14px; line-height: 21px; color: var(--dark-grey2); font-family: Lato, sans-serif; font-style: normal; letter-spacing: normal; text-align: start; text-indent: 0px; text-transform: none;\">Tipo: Protetor Auditivo (Concha). N\u00edvel de Redu\u00e7\u00e3o: 19 dB (NRRsf). Modelo: ARV300. Marca: Vonder.<\/span><\/p>\n","protected":false},"featured_media":0,"template":"","meta":{"_joinchat":[]},"product_brand":[],"product_cat":[133],"product_tag":[],"class_list":{"0":"post-29386","1":"product","2":"type-product","3":"status-publish","5":"product_cat-epis","7":"first","8":"instock","9":"shipping-taxable","10":"purchasable","11":"product-type-simple"},"_links":{"self":[{"href":"https:\/\/www.multicasa.com.br\/inicio\/wp-json\/wp\/v2\/product\/29386","targetHints":{"allow":["GET"]}}],"collection":[{"href":"https:\/\/www.multicasa.com.br\/inicio\/wp-json\/wp\/v2\/product"}],"about":[{"href":"https:\/\/www.multicasa.com.br\/inicio\/wp-json\/wp\/v2\/types\/product"}],"wp:attachment":[{"href":"https:\/\/www.multicasa.com.br\/inicio\/wp-json\/wp\/v2\/media?parent=29386"}],"wp:term":[{"taxonomy":"product_brand","embeddable":true,"href":"https:\/\/www.multicasa.com.br\/inicio\/wp-json\/wp\/v2\/product_brand?post=29386"},{"taxonomy":"product_cat","embeddable":true,"href":"https:\/\/www.multicasa.com.br\/inicio\/wp-json\/wp\/v2\/product_cat?post=29386"},{"taxonomy":"product_tag","embeddable":true,"href":"https:\/\/www.multicasa.com.br\/inicio\/wp-json\/wp\/v2\/product_tag?post=29386"}],"curies":[{"name":"wp","href":"https:\/\/api.w.org\/{rel}","templated":true}]}}