{"id":29391,"date":"2025-12-16T19:54:58","date_gmt":"2025-12-16T23:54:58","guid":{"rendered":"https:\/\/www.multicasa.com.br\/inicio\/produto\/oculos-protecao-c-valvula-tr-vonder\/"},"modified":"2025-12-17T14:20:39","modified_gmt":"2025-12-17T18:20:39","slug":"oculos-protecao-c-valvula-tr-vonder","status":"publish","type":"product","link":"https:\/\/www.multicasa.com.br\/inicio\/produto\/oculos-protecao-c-valvula-tr-vonder\/","title":{"rendered":"OCULOS PROTECAO C\/VALVULA TR VONDER"},"content":{"rendered":"<p>\u00d3culos de Prote\u00e7\u00e3o com V\u00e1lvula Transparente Vonder<\/p>\n","protected":false},"excerpt":{"rendered":"<h4 style=\"margin: 0px;padding: 0px 0px 16px;font-family: Lato, sans-serif;font-weight: bold;line-height: 3rem;color: var(--dark-grey3);font-size: 22px;font-style: normal;letter-spacing: normal;text-align: start;text-indent: 0px;text-transform: none\">Informa\u00e7\u00f5es t\u00e9cnicas<\/h4>\n<p><span style=\"margin: 0px;padding: 0px;font-weight: 450;font-size: 14px;line-height: 21px;color: var(--dark-grey2);font-family: Lato, sans-serif;font-style: normal;letter-spacing: normal;text-align: start;text-indent: 0px;text-transform: none\">Tipo: \u00d3culos de Prote\u00e7\u00e3o (Ampla Vis\u00e3o). Lente: Transparente (TR). Detalhes: Com V\u00e1lvula de Ventila\u00e7\u00e3o. Marca: Vonder.<\/span><\/p>\n","protected":false},"featured_media":0,"template":"","meta":{"_joinchat":[]},"product_brand":[],"product_cat":[133],"product_tag":[],"class_list":{"0":"post-29391","1":"product","2":"type-product","3":"status-publish","5":"product_cat-epis","7":"first","8":"instock","9":"shipping-taxable","10":"purchasable","11":"product-type-simple"},"_links":{"self":[{"href":"https:\/\/www.multicasa.com.br\/inicio\/wp-json\/wp\/v2\/product\/29391","targetHints":{"allow":["GET"]}}],"collection":[{"href":"https:\/\/www.multicasa.com.br\/inicio\/wp-json\/wp\/v2\/product"}],"about":[{"href":"https:\/\/www.multicasa.com.br\/inicio\/wp-json\/wp\/v2\/types\/product"}],"wp:attachment":[{"href":"https:\/\/www.multicasa.com.br\/inicio\/wp-json\/wp\/v2\/media?parent=29391"}],"wp:term":[{"taxonomy":"product_brand","embeddable":true,"href":"https:\/\/www.multicasa.com.br\/inicio\/wp-json\/wp\/v2\/product_brand?post=29391"},{"taxonomy":"product_cat","embeddable":true,"href":"https:\/\/www.multicasa.com.br\/inicio\/wp-json\/wp\/v2\/product_cat?post=29391"},{"taxonomy":"product_tag","embeddable":true,"href":"https:\/\/www.multicasa.com.br\/inicio\/wp-json\/wp\/v2\/product_tag?post=29391"}],"curies":[{"name":"wp","href":"https:\/\/api.w.org\/{rel}","templated":true}]}}