{"id":29395,"date":"2025-12-16T19:55:14","date_gmt":"2025-12-16T23:55:14","guid":{"rendered":"https:\/\/www.multicasa.com.br\/inicio\/produto\/tampa-condu-pvc-1-2t-pt-master\/"},"modified":"2025-12-17T14:20:54","modified_gmt":"2025-12-17T18:20:54","slug":"tampa-condu-pvc-1-2t-pt-master","status":"publish","type":"product","link":"https:\/\/www.multicasa.com.br\/inicio\/produto\/tampa-condu-pvc-1-2t-pt-master\/","title":{"rendered":"TAMPA CONDU.PVC 1 2T PT MASTER"},"content":{"rendered":"<p>Tampa para Condulete PVC 1&#8243; 2 Tomadas Preto Master<\/p>\n","protected":false},"excerpt":{"rendered":"<h4 style=\"margin: 0px;padding: 0px 0px 16px;font-family: Lato, sans-serif;font-weight: bold;line-height: 3rem;color: var(--dark-grey3);font-size: 22px;font-style: normal;letter-spacing: normal;text-align: start;text-indent: 0px;text-transform: none\">Informa\u00e7\u00f5es t\u00e9cnicas<\/h4>\n<p><span style=\"margin: 0px;padding: 0px;font-weight: 450;font-size: 14px;line-height: 21px;color: var(--dark-grey2);font-family: Lato, sans-serif;font-style: normal;letter-spacing: normal;text-align: start;text-indent: 0px;text-transform: none\">Tipo: Tampa para Condulete. Material: PVC. Di\u00e2metro: 1 polegada. Capacidade: 2 Tomadas. Cor: Preto (PT). Marca: Master.<\/span><\/p>\n","protected":false},"featured_media":0,"template":"","meta":{"_joinchat":[]},"product_brand":[],"product_cat":[119],"product_tag":[],"class_list":{"0":"post-29395","1":"product","2":"type-product","3":"status-publish","5":"product_cat-materiais-eletricos","7":"first","8":"instock","9":"shipping-taxable","10":"purchasable","11":"product-type-simple"},"_links":{"self":[{"href":"https:\/\/www.multicasa.com.br\/inicio\/wp-json\/wp\/v2\/product\/29395","targetHints":{"allow":["GET"]}}],"collection":[{"href":"https:\/\/www.multicasa.com.br\/inicio\/wp-json\/wp\/v2\/product"}],"about":[{"href":"https:\/\/www.multicasa.com.br\/inicio\/wp-json\/wp\/v2\/types\/product"}],"wp:attachment":[{"href":"https:\/\/www.multicasa.com.br\/inicio\/wp-json\/wp\/v2\/media?parent=29395"}],"wp:term":[{"taxonomy":"product_brand","embeddable":true,"href":"https:\/\/www.multicasa.com.br\/inicio\/wp-json\/wp\/v2\/product_brand?post=29395"},{"taxonomy":"product_cat","embeddable":true,"href":"https:\/\/www.multicasa.com.br\/inicio\/wp-json\/wp\/v2\/product_cat?post=29395"},{"taxonomy":"product_tag","embeddable":true,"href":"https:\/\/www.multicasa.com.br\/inicio\/wp-json\/wp\/v2\/product_tag?post=29395"}],"curies":[{"name":"wp","href":"https:\/\/api.w.org\/{rel}","templated":true}]}}