{"id":29472,"date":"2025-12-16T20:01:11","date_gmt":"2025-12-17T00:01:11","guid":{"rendered":"https:\/\/www.multicasa.com.br\/inicio\/produto\/coluna-susp-45x35-v-plus-bc-deca\/"},"modified":"2025-12-17T12:42:46","modified_gmt":"2025-12-17T16:42:46","slug":"coluna-susp-45x35-v-plus-bc-deca","status":"publish","type":"product","link":"https:\/\/www.multicasa.com.br\/inicio\/produto\/coluna-susp-45x35-v-plus-bc-deca\/","title":{"rendered":"COLUNA SUSP.45X35 V.PLUS BC DECA"},"content":{"rendered":"<p>Coluna Suspensa para Lavat\u00f3rio 45&#215;35 Deca Plus Branco<\/p>\n","protected":false},"excerpt":{"rendered":"<h4 style=\"margin: 0px;padding: 0px 0px 16px;font-family: Lato, sans-serif;font-weight: bold;line-height: 3rem;color: var(--dark-grey3);font-size: 22px;font-style: normal;letter-spacing: normal;text-align: start;text-indent: 0px;text-transform: none\">Informa\u00e7\u00f5es t\u00e9cnicas<\/h4>\n<p><span style=\"margin: 0px;padding: 0px;font-weight: 450;font-size: 14px;line-height: 21px;color: var(--dark-grey2);font-family: Lato, sans-serif;font-style: normal;letter-spacing: normal;text-align: start;text-indent: 0px;text-transform: none\">Material: Lou\u00e7a Sanit\u00e1ria. Aplica\u00e7\u00e3o: Lavat\u00f3rios de 45x35cm V.Plus. Tipo: Suspensa (n\u00e3o vai at\u00e9 o ch\u00e3o). Marca: Deca.<\/span><\/p>\n","protected":false},"featured_media":0,"template":"","meta":{"_joinchat":[]},"product_brand":[],"product_cat":[68],"product_tag":[],"class_list":{"0":"post-29472","1":"product","2":"type-product","3":"status-publish","5":"product_cat-loucas-e-cia","7":"first","8":"outofstock","9":"shipping-taxable","10":"purchasable","11":"product-type-simple"},"_links":{"self":[{"href":"https:\/\/www.multicasa.com.br\/inicio\/wp-json\/wp\/v2\/product\/29472","targetHints":{"allow":["GET"]}}],"collection":[{"href":"https:\/\/www.multicasa.com.br\/inicio\/wp-json\/wp\/v2\/product"}],"about":[{"href":"https:\/\/www.multicasa.com.br\/inicio\/wp-json\/wp\/v2\/types\/product"}],"wp:attachment":[{"href":"https:\/\/www.multicasa.com.br\/inicio\/wp-json\/wp\/v2\/media?parent=29472"}],"wp:term":[{"taxonomy":"product_brand","embeddable":true,"href":"https:\/\/www.multicasa.com.br\/inicio\/wp-json\/wp\/v2\/product_brand?post=29472"},{"taxonomy":"product_cat","embeddable":true,"href":"https:\/\/www.multicasa.com.br\/inicio\/wp-json\/wp\/v2\/product_cat?post=29472"},{"taxonomy":"product_tag","embeddable":true,"href":"https:\/\/www.multicasa.com.br\/inicio\/wp-json\/wp\/v2\/product_tag?post=29472"}],"curies":[{"name":"wp","href":"https:\/\/api.w.org\/{rel}","templated":true}]}}