{"id":29510,"date":"2025-12-16T20:04:37","date_gmt":"2025-12-17T00:04:37","guid":{"rendered":"https:\/\/www.multicasa.com.br\/inicio\/produto\/rele-fotoel-s-base-127v-exatron\/"},"modified":"2025-12-17T12:44:58","modified_gmt":"2025-12-17T16:44:58","slug":"rele-fotoel-s-base-127v-exatron","status":"publish","type":"product","link":"https:\/\/www.multicasa.com.br\/inicio\/produto\/rele-fotoel-s-base-127v-exatron\/","title":{"rendered":"RELE FOTOEL.S\/BASE 127V EXATRON"},"content":{"rendered":"<p>Rel\u00e9 Fotoel\u00e9trico 127V sem Base<\/p>\n","protected":false},"excerpt":{"rendered":"<h4 style=\"margin: 0px;padding: 0px 0px 16px;font-family: Lato, sans-serif;font-weight: bold;line-height: 3rem;color: var(--dark-grey3);font-size: 22px;font-style: normal;letter-spacing: normal;text-align: start;text-indent: 0px;text-transform: none\">Informa\u00e7\u00f5es t\u00e9cnicas<\/h4>\n<p><span style=\"margin: 0px;padding: 0px;font-weight: 450;font-size: 14px;line-height: 21px;color: var(--dark-grey2);font-family: Lato, sans-serif;font-style: normal;letter-spacing: normal;text-align: start;text-indent: 0px;text-transform: none\">Rel\u00e9 fotoel\u00e9trico bivolt 127V, sem base, aciona ilumina\u00e7\u00e3o automaticamente conforme luminosidade.<\/span><\/p>\n","protected":false},"featured_media":0,"template":"","meta":{"_joinchat":[]},"product_brand":[],"product_cat":[78],"product_tag":[],"class_list":{"0":"post-29510","1":"product","2":"type-product","3":"status-publish","5":"product_cat-iluminacao-comercial","7":"first","8":"outofstock","9":"shipping-taxable","10":"purchasable","11":"product-type-simple"},"_links":{"self":[{"href":"https:\/\/www.multicasa.com.br\/inicio\/wp-json\/wp\/v2\/product\/29510","targetHints":{"allow":["GET"]}}],"collection":[{"href":"https:\/\/www.multicasa.com.br\/inicio\/wp-json\/wp\/v2\/product"}],"about":[{"href":"https:\/\/www.multicasa.com.br\/inicio\/wp-json\/wp\/v2\/types\/product"}],"wp:attachment":[{"href":"https:\/\/www.multicasa.com.br\/inicio\/wp-json\/wp\/v2\/media?parent=29510"}],"wp:term":[{"taxonomy":"product_brand","embeddable":true,"href":"https:\/\/www.multicasa.com.br\/inicio\/wp-json\/wp\/v2\/product_brand?post=29510"},{"taxonomy":"product_cat","embeddable":true,"href":"https:\/\/www.multicasa.com.br\/inicio\/wp-json\/wp\/v2\/product_cat?post=29510"},{"taxonomy":"product_tag","embeddable":true,"href":"https:\/\/www.multicasa.com.br\/inicio\/wp-json\/wp\/v2\/product_tag?post=29510"}],"curies":[{"name":"wp","href":"https:\/\/api.w.org\/{rel}","templated":true}]}}