{"id":29529,"date":"2025-12-16T20:05:52","date_gmt":"2025-12-17T00:05:52","guid":{"rendered":"https:\/\/www.multicasa.com.br\/inicio\/produto\/cadeado-p-bicicleta-60cm-sme30-pado\/"},"modified":"2026-02-10T11:31:33","modified_gmt":"2026-02-10T15:31:33","slug":"cadeado-p-bicicleta-60cm-sme30-pado","status":"publish","type":"product","link":"https:\/\/www.multicasa.com.br\/inicio\/produto\/cadeado-p-bicicleta-60cm-sme30-pado\/","title":{"rendered":"CADEADO P\/BICICLETA 60CM SME30 PADO"},"content":{"rendered":"<p>Cadeado para Bicicleta Cabo 60cm Pado<\/p>\n","protected":false},"excerpt":{"rendered":"<h4 style=\"margin: 0px;padding: 0px 0px 16px;font-family: Lato, sans-serif;font-weight: bold;line-height: 3rem;color: var(--dark-grey3);font-size: 22px;font-style: normal;letter-spacing: normal;text-align: start;text-indent: 0px;text-transform: none\">Informa\u00e7\u00f5es t\u00e9cnicas<\/h4>\n<p><span style=\"margin: 0px;padding: 0px;font-weight: 450;font-size: 14px;line-height: 21px;color: var(--dark-grey2);font-family: Lato, sans-serif;font-style: normal;letter-spacing: normal;text-align: start;text-indent: 0px;text-transform: none\">Tipo: Cadeado (Cabo de A\u00e7o). Comprimento: 60cm. Uso: Bicicletas. Marca: Pado.<\/span><\/p>\n","protected":false},"featured_media":0,"template":"","meta":{"_joinchat":[]},"product_brand":[],"product_cat":[161],"product_tag":[],"class_list":{"0":"post-29529","1":"product","2":"type-product","3":"status-publish","5":"product_cat-seguranca","7":"first","8":"outofstock","9":"shipping-taxable","10":"purchasable","11":"product-type-simple"},"_links":{"self":[{"href":"https:\/\/www.multicasa.com.br\/inicio\/wp-json\/wp\/v2\/product\/29529","targetHints":{"allow":["GET"]}}],"collection":[{"href":"https:\/\/www.multicasa.com.br\/inicio\/wp-json\/wp\/v2\/product"}],"about":[{"href":"https:\/\/www.multicasa.com.br\/inicio\/wp-json\/wp\/v2\/types\/product"}],"wp:attachment":[{"href":"https:\/\/www.multicasa.com.br\/inicio\/wp-json\/wp\/v2\/media?parent=29529"}],"wp:term":[{"taxonomy":"product_brand","embeddable":true,"href":"https:\/\/www.multicasa.com.br\/inicio\/wp-json\/wp\/v2\/product_brand?post=29529"},{"taxonomy":"product_cat","embeddable":true,"href":"https:\/\/www.multicasa.com.br\/inicio\/wp-json\/wp\/v2\/product_cat?post=29529"},{"taxonomy":"product_tag","embeddable":true,"href":"https:\/\/www.multicasa.com.br\/inicio\/wp-json\/wp\/v2\/product_tag?post=29529"}],"curies":[{"name":"wp","href":"https:\/\/api.w.org\/{rel}","templated":true}]}}