{"id":29955,"date":"2025-12-16T20:41:00","date_gmt":"2025-12-17T00:41:00","guid":{"rendered":"https:\/\/www.multicasa.com.br\/inicio\/produto\/isolante-term-p-tubo-28mm-2m-eluma\/"},"modified":"2025-12-17T13:15:26","modified_gmt":"2025-12-17T17:15:26","slug":"isolante-term-p-tubo-28mm-2m-eluma","status":"publish","type":"product","link":"https:\/\/www.multicasa.com.br\/inicio\/produto\/isolante-term-p-tubo-28mm-2m-eluma\/","title":{"rendered":"ISOLANTE TERM.P\/TUBO 28MM 2M ELUMA"},"content":{"rendered":"<p>ISOLANTE TERM.P\/TUBO 28MM 2M<\/p>\n","protected":false},"excerpt":{"rendered":"<h4 style=\"margin: 0px;padding: 0px 0px 16px;font-family: Lato, sans-serif;font-weight: bold;line-height: 3rem;color: var(--dark-grey3);font-size: 22px;font-style: normal;letter-spacing: normal;text-align: start;text-indent: 0px;text-transform: none\">Informa\u00e7\u00f5es t\u00e9cnicas<\/h4>\n<p><span style=\"margin: 0px;padding: 0px;font-weight: 450;font-size: 14px;line-height: 21px;color: var(--dark-grey2);font-family: Lato, sans-serif;font-style: normal;letter-spacing: normal;text-align: start;text-indent: 0px;text-transform: none\">Isolante t\u00e9rmico em espuma de polietileno, di\u00e2metro 28 mm, comprimento 2 m, reduz perda t\u00e9rmica e evita condensa\u00e7\u00e3o em tubula\u00e7\u00f5es de \u00e1gua quente\/fria.<\/span><\/p>\n","protected":false},"featured_media":0,"template":"","meta":{"_joinchat":[]},"product_brand":[],"product_cat":[73],"product_tag":[],"class_list":{"0":"post-29955","1":"product","2":"type-product","3":"status-publish","5":"product_cat-tubos-e-conexoes","7":"first","8":"outofstock","9":"shipping-taxable","10":"purchasable","11":"product-type-simple"},"_links":{"self":[{"href":"https:\/\/www.multicasa.com.br\/inicio\/wp-json\/wp\/v2\/product\/29955","targetHints":{"allow":["GET"]}}],"collection":[{"href":"https:\/\/www.multicasa.com.br\/inicio\/wp-json\/wp\/v2\/product"}],"about":[{"href":"https:\/\/www.multicasa.com.br\/inicio\/wp-json\/wp\/v2\/types\/product"}],"wp:attachment":[{"href":"https:\/\/www.multicasa.com.br\/inicio\/wp-json\/wp\/v2\/media?parent=29955"}],"wp:term":[{"taxonomy":"product_brand","embeddable":true,"href":"https:\/\/www.multicasa.com.br\/inicio\/wp-json\/wp\/v2\/product_brand?post=29955"},{"taxonomy":"product_cat","embeddable":true,"href":"https:\/\/www.multicasa.com.br\/inicio\/wp-json\/wp\/v2\/product_cat?post=29955"},{"taxonomy":"product_tag","embeddable":true,"href":"https:\/\/www.multicasa.com.br\/inicio\/wp-json\/wp\/v2\/product_tag?post=29955"}],"curies":[{"name":"wp","href":"https:\/\/api.w.org\/{rel}","templated":true}]}}