{"id":30138,"date":"2025-12-16T21:02:54","date_gmt":"2025-12-17T01:02:54","guid":{"rendered":"https:\/\/www.multicasa.com.br\/inicio\/produto\/ducha-aq-star-7800w-220v-bc-cr-lore\/"},"modified":"2025-12-17T13:06:06","modified_gmt":"2025-12-17T17:06:06","slug":"ducha-aq-star-7800w-220v-bc-cr-lore","status":"publish","type":"product","link":"https:\/\/www.multicasa.com.br\/inicio\/produto\/ducha-aq-star-7800w-220v-bc-cr-lore\/","title":{"rendered":"DUCHA AQ.STAR 7800W 220V BC\/CR LORE"},"content":{"rendered":"<p>Ducha Acqua Star 7800W 220V Branco\/Cromado Lorenzetti<\/p>\n","protected":false},"excerpt":{"rendered":"<h4 style=\"margin: 0px;padding: 0px 0px 16px;font-family: Lato, sans-serif;font-weight: bold;line-height: 3rem;color: var(--dark-grey3);font-size: 22px;font-style: normal;letter-spacing: normal;text-align: start;text-indent: 0px;text-transform: none\">Informa\u00e7\u00f5es t\u00e9cnicas<\/h4>\n<p><span style=\"margin: 0px;padding: 0px;font-weight: 450;font-size: 14px;line-height: 21px;color: var(--dark-grey2);font-family: Lato, sans-serif;font-style: normal;letter-spacing: normal;text-align: start;text-indent: 0px;text-transform: none\">Tipo: Ducha El\u00e9trica (Eletr\u00f4nica). Pot\u00eancia: 7800W. Tens\u00e3o: 220V. Cor: Branco\/Cromado (BC\/CR). Linha: Acqua Star. Marca: Lorenzetti.<\/span><\/p>\n","protected":false},"featured_media":0,"template":"","meta":{"_joinchat":[]},"product_brand":[],"product_cat":[71],"product_tag":[],"class_list":{"0":"post-30138","1":"product","2":"type-product","3":"status-publish","5":"product_cat-chuveiros","7":"first","8":"outofstock","9":"shipping-taxable","10":"product-type-simple"},"_links":{"self":[{"href":"https:\/\/www.multicasa.com.br\/inicio\/wp-json\/wp\/v2\/product\/30138","targetHints":{"allow":["GET"]}}],"collection":[{"href":"https:\/\/www.multicasa.com.br\/inicio\/wp-json\/wp\/v2\/product"}],"about":[{"href":"https:\/\/www.multicasa.com.br\/inicio\/wp-json\/wp\/v2\/types\/product"}],"wp:attachment":[{"href":"https:\/\/www.multicasa.com.br\/inicio\/wp-json\/wp\/v2\/media?parent=30138"}],"wp:term":[{"taxonomy":"product_brand","embeddable":true,"href":"https:\/\/www.multicasa.com.br\/inicio\/wp-json\/wp\/v2\/product_brand?post=30138"},{"taxonomy":"product_cat","embeddable":true,"href":"https:\/\/www.multicasa.com.br\/inicio\/wp-json\/wp\/v2\/product_cat?post=30138"},{"taxonomy":"product_tag","embeddable":true,"href":"https:\/\/www.multicasa.com.br\/inicio\/wp-json\/wp\/v2\/product_tag?post=30138"}],"curies":[{"name":"wp","href":"https:\/\/api.w.org\/{rel}","templated":true}]}}