{"id":30242,"date":"2025-12-16T21:11:48","date_gmt":"2025-12-17T01:11:48","guid":{"rendered":"https:\/\/www.multicasa.com.br\/inicio\/produto\/clips-p-cabo-aco-5-16-sao-rapha\/"},"modified":"2025-12-17T13:10:57","modified_gmt":"2025-12-17T17:10:57","slug":"clips-p-cabo-aco-5-16-sao-rapha","status":"publish","type":"product","link":"https:\/\/www.multicasa.com.br\/inicio\/produto\/clips-p-cabo-aco-5-16-sao-rapha\/","title":{"rendered":"CLIPS P\/CABO ACO 5\/16 SAO RAPHA"},"content":{"rendered":"<p>Clips P\/Cabo Aco 5\/16<\/p>\n","protected":false},"excerpt":{"rendered":"<h4 style=\"margin: 0px;padding: 0px 0px 16px;font-family: Lato, sans-serif;font-weight: bold;line-height: 3rem;color: var(--dark-grey3);font-size: 22px;font-style: normal;letter-spacing: normal;text-align: start;text-indent: 0px;text-transform: none\">Informa\u00e7\u00f5es t\u00e9cnicas<\/h4>\n<p><span style=\"margin: 0px;padding: 0px;font-weight: 450;font-size: 14px;line-height: 21px;color: var(--dark-grey2);font-family: Lato, sans-serif;font-style: normal;letter-spacing: normal;text-align: start;text-indent: 0px;text-transform: none\">Clips para cabo de a\u00e7o, medida conforme modelo, usado para la\u00e7os e fixa\u00e7\u00f5es.<\/span><\/p>\n","protected":false},"featured_media":0,"template":"","meta":{"_joinchat":[]},"product_brand":[],"product_cat":[141],"product_tag":[],"class_list":{"0":"post-30242","1":"product","2":"type-product","3":"status-publish","5":"product_cat-marcenaria","7":"first","8":"outofstock","9":"shipping-taxable","10":"product-type-simple"},"_links":{"self":[{"href":"https:\/\/www.multicasa.com.br\/inicio\/wp-json\/wp\/v2\/product\/30242","targetHints":{"allow":["GET"]}}],"collection":[{"href":"https:\/\/www.multicasa.com.br\/inicio\/wp-json\/wp\/v2\/product"}],"about":[{"href":"https:\/\/www.multicasa.com.br\/inicio\/wp-json\/wp\/v2\/types\/product"}],"wp:attachment":[{"href":"https:\/\/www.multicasa.com.br\/inicio\/wp-json\/wp\/v2\/media?parent=30242"}],"wp:term":[{"taxonomy":"product_brand","embeddable":true,"href":"https:\/\/www.multicasa.com.br\/inicio\/wp-json\/wp\/v2\/product_brand?post=30242"},{"taxonomy":"product_cat","embeddable":true,"href":"https:\/\/www.multicasa.com.br\/inicio\/wp-json\/wp\/v2\/product_cat?post=30242"},{"taxonomy":"product_tag","embeddable":true,"href":"https:\/\/www.multicasa.com.br\/inicio\/wp-json\/wp\/v2\/product_tag?post=30242"}],"curies":[{"name":"wp","href":"https:\/\/api.w.org\/{rel}","templated":true}]}}